{"id":1646,"date":"2023-11-19T14:34:10","date_gmt":"2023-11-19T14:34:10","guid":{"rendered":"https:\/\/planthemmet.se\/?post_type=product&#038;p=1646"},"modified":"2025-11-06T21:33:01","modified_gmt":"2025-11-06T21:33:01","slug":"blaklint-polkadot-mix","status":"publish","type":"product","link":"https:\/\/planthemmet.se\/index.php\/produkt\/blaklint-polkadot-mix\/","title":{"rendered":"Bl\u00e5klint Polkadot mix"},"content":{"rendered":"<p>Bl\u00e5klint \u00e4r en gammal favorit i tr\u00e4dg\u00e5rden och \u00e4r \u00e4ven k\u00e4nd som ungkarlsknapp. Bl\u00e5klint blommar i b\u00e4ddar, p\u00e5 friland och i krukor fr\u00e5n sen v\u00e5r till sensommar. En riktig favorit bland bin. Denna mixen inneh\u00e5ller bl\u00e5klint i f\u00e4rgerna rosa, bl\u00e5, lavendel, vit och vinr\u00f6d.<\/p>\n<p>Samodlas med f\u00f6rdel tillsammans med:<br \/>\n&#8211; Zinnia<br \/>\n&#8211; Rudbeckia<br \/>\n&#8211; Verbena<br \/>\n&#8211; Vallmo<\/p>\n","protected":false},"excerpt":{"rendered":"<p>Centaurea cyanus<br \/>\nDirekts\u00e5<br \/>\n150st fr\u00f6n i fin f\u00f6rpackning med b\u00e5de kuriosa och instruktioner<\/p>\n","protected":false},"featured_media":1647,"comment_status":"closed","ping_status":"closed","template":"","meta":[],"product_brand":[],"product_cat":[64,32],"product_tag":[67,68,88],"class_list":{"0":"post-1646","1":"product","2":"type-product","3":"status-publish","4":"has-post-thumbnail","6":"product_cat-froer-tradgard","7":"product_cat-rea-varor","8":"product_tag-atbarablommor","9":"product_tag-froer","10":"product_tag-odla-atbart","11":"product_shipping_class-frakt-liten","12":"pa_atbara-blommor-ja","13":"sales-flash-overlay","14":"woocommerce-text-align-center","15":"woocommerce-image-align-center","16":"do-quantity-buttons","17":"wc-has-gallery","19":"first","20":"instock","21":"taxable","22":"shipping-taxable","23":"purchasable","24":"product-type-simple"},"yoast_head":"<!-- This site is optimized with the Yoast SEO plugin v27.2 - https:\/\/yoast.com\/product\/yoast-seo-wordpress\/ -->\n<title>Bl\u00e5klint Polkadot mix - Planthemmet<\/title>\n<meta name=\"robots\" content=\"index, follow, max-snippet:-1, max-image-preview:large, max-video-preview:-1\" \/>\n<link rel=\"canonical\" href=\"https:\/\/planthemmet.se\/index.php\/produkt\/blaklint-polkadot-mix\/\" \/>\n<meta property=\"og:locale\" content=\"sv_SE\" \/>\n<meta property=\"og:type\" content=\"article\" \/>\n<meta property=\"og:title\" content=\"Bl\u00e5klint Polkadot mix - Planthemmet\" \/>\n<meta property=\"og:description\" content=\"Centaurea cyanus Direkts\u00e5 150st fr\u00f6n i fin f\u00f6rpackning med b\u00e5de kuriosa och instruktioner\" \/>\n<meta property=\"og:url\" content=\"https:\/\/planthemmet.se\/index.php\/produkt\/blaklint-polkadot-mix\/\" \/>\n<meta property=\"og:site_name\" content=\"Planthemmet\" \/>\n<meta property=\"article:publisher\" content=\"https:\/\/m.facebook.com\/Planthemmet\" \/>\n<meta property=\"article:modified_time\" content=\"2025-11-06T21:33:01+00:00\" \/>\n<meta property=\"og:image\" content=\"https:\/\/planthemmet.se\/wp-content\/uploads\/2023\/11\/CornflowerPolkaDotMixSingleSeedPacket1_1024x1024.jpg\" \/>\n\t<meta property=\"og:image:width\" content=\"1024\" \/>\n\t<meta property=\"og:image:height\" content=\"1024\" \/>\n\t<meta property=\"og:image:type\" content=\"image\/jpeg\" \/>\n<meta name=\"twitter:card\" content=\"summary_large_image\" \/>\n<meta name=\"twitter:label1\" content=\"Ber\u00e4knad l\u00e4stid\" \/>\n\t<meta name=\"twitter:data1\" content=\"1 minut\" \/>\n<script type=\"application\/ld+json\" class=\"yoast-schema-graph\">{\"@context\":\"https:\/\/schema.org\",\"@graph\":[{\"@type\":\"WebPage\",\"@id\":\"https:\/\/planthemmet.se\/index.php\/produkt\/blaklint-polkadot-mix\/\",\"url\":\"https:\/\/planthemmet.se\/index.php\/produkt\/blaklint-polkadot-mix\/\",\"name\":\"Bl\u00e5klint Polkadot mix - Planthemmet\",\"isPartOf\":{\"@id\":\"https:\/\/planthemmet.se\/#website\"},\"primaryImageOfPage\":{\"@id\":\"https:\/\/planthemmet.se\/index.php\/produkt\/blaklint-polkadot-mix\/#primaryimage\"},\"image\":{\"@id\":\"https:\/\/planthemmet.se\/index.php\/produkt\/blaklint-polkadot-mix\/#primaryimage\"},\"thumbnailUrl\":\"https:\/\/planthemmet.se\/wp-content\/uploads\/2023\/11\/CornflowerPolkaDotMixSingleSeedPacket1_1024x1024.jpg\",\"datePublished\":\"2023-11-19T14:34:10+00:00\",\"dateModified\":\"2025-11-06T21:33:01+00:00\",\"breadcrumb\":{\"@id\":\"https:\/\/planthemmet.se\/index.php\/produkt\/blaklint-polkadot-mix\/#breadcrumb\"},\"inLanguage\":\"sv-SE\",\"potentialAction\":[{\"@type\":\"ReadAction\",\"target\":[\"https:\/\/planthemmet.se\/index.php\/produkt\/blaklint-polkadot-mix\/\"]}]},{\"@type\":\"ImageObject\",\"inLanguage\":\"sv-SE\",\"@id\":\"https:\/\/planthemmet.se\/index.php\/produkt\/blaklint-polkadot-mix\/#primaryimage\",\"url\":\"https:\/\/planthemmet.se\/wp-content\/uploads\/2023\/11\/CornflowerPolkaDotMixSingleSeedPacket1_1024x1024.jpg\",\"contentUrl\":\"https:\/\/planthemmet.se\/wp-content\/uploads\/2023\/11\/CornflowerPolkaDotMixSingleSeedPacket1_1024x1024.jpg\",\"width\":1024,\"height\":1024},{\"@type\":\"BreadcrumbList\",\"@id\":\"https:\/\/planthemmet.se\/index.php\/produkt\/blaklint-polkadot-mix\/#breadcrumb\",\"itemListElement\":[{\"@type\":\"ListItem\",\"position\":1,\"name\":\"Hem\",\"item\":\"https:\/\/planthemmet.se\/\"},{\"@type\":\"ListItem\",\"position\":2,\"name\":\"Webbutik\",\"item\":\"https:\/\/planthemmet.se\/index.php\/planthemmetwebbutik\/\"},{\"@type\":\"ListItem\",\"position\":3,\"name\":\"Bl\u00e5klint Polkadot mix\"}]},{\"@type\":\"WebSite\",\"@id\":\"https:\/\/planthemmet.se\/#website\",\"url\":\"https:\/\/planthemmet.se\/\",\"name\":\"Planthemmet\",\"description\":\"Fannys gr\u00f6na h\u00f6rna\",\"publisher\":{\"@id\":\"https:\/\/planthemmet.se\/#organization\"},\"potentialAction\":[{\"@type\":\"SearchAction\",\"target\":{\"@type\":\"EntryPoint\",\"urlTemplate\":\"https:\/\/planthemmet.se\/?s={search_term_string}\"},\"query-input\":{\"@type\":\"PropertyValueSpecification\",\"valueRequired\":true,\"valueName\":\"search_term_string\"}}],\"inLanguage\":\"sv-SE\"},{\"@type\":\"Organization\",\"@id\":\"https:\/\/planthemmet.se\/#organization\",\"name\":\"Planthemmet\",\"url\":\"https:\/\/planthemmet.se\/\",\"logo\":{\"@type\":\"ImageObject\",\"inLanguage\":\"sv-SE\",\"@id\":\"https:\/\/planthemmet.se\/#\/schema\/logo\/image\/\",\"url\":\"https:\/\/planthemmet.se\/wp-content\/uploads\/2022\/05\/Planthemmet-logo.png\",\"contentUrl\":\"https:\/\/planthemmet.se\/wp-content\/uploads\/2022\/05\/Planthemmet-logo.png\",\"width\":200,\"height\":200,\"caption\":\"Planthemmet\"},\"image\":{\"@id\":\"https:\/\/planthemmet.se\/#\/schema\/logo\/image\/\"},\"sameAs\":[\"https:\/\/m.facebook.com\/Planthemmet\",\"https:\/\/www.instagram.com\/planthemmet\"]}]}<\/script>\n<!-- \/ Yoast SEO plugin. -->","yoast_head_json":{"title":"Bl\u00e5klint Polkadot mix - Planthemmet","robots":{"index":"index","follow":"follow","max-snippet":"max-snippet:-1","max-image-preview":"max-image-preview:large","max-video-preview":"max-video-preview:-1"},"canonical":"https:\/\/planthemmet.se\/index.php\/produkt\/blaklint-polkadot-mix\/","og_locale":"sv_SE","og_type":"article","og_title":"Bl\u00e5klint Polkadot mix - Planthemmet","og_description":"Centaurea cyanus Direkts\u00e5 150st fr\u00f6n i fin f\u00f6rpackning med b\u00e5de kuriosa och instruktioner","og_url":"https:\/\/planthemmet.se\/index.php\/produkt\/blaklint-polkadot-mix\/","og_site_name":"Planthemmet","article_publisher":"https:\/\/m.facebook.com\/Planthemmet","article_modified_time":"2025-11-06T21:33:01+00:00","og_image":[{"width":1024,"height":1024,"url":"https:\/\/planthemmet.se\/wp-content\/uploads\/2023\/11\/CornflowerPolkaDotMixSingleSeedPacket1_1024x1024.jpg","type":"image\/jpeg"}],"twitter_card":"summary_large_image","twitter_misc":{"Ber\u00e4knad l\u00e4stid":"1 minut"},"schema":{"@context":"https:\/\/schema.org","@graph":[{"@type":"WebPage","@id":"https:\/\/planthemmet.se\/index.php\/produkt\/blaklint-polkadot-mix\/","url":"https:\/\/planthemmet.se\/index.php\/produkt\/blaklint-polkadot-mix\/","name":"Bl\u00e5klint Polkadot mix - Planthemmet","isPartOf":{"@id":"https:\/\/planthemmet.se\/#website"},"primaryImageOfPage":{"@id":"https:\/\/planthemmet.se\/index.php\/produkt\/blaklint-polkadot-mix\/#primaryimage"},"image":{"@id":"https:\/\/planthemmet.se\/index.php\/produkt\/blaklint-polkadot-mix\/#primaryimage"},"thumbnailUrl":"https:\/\/planthemmet.se\/wp-content\/uploads\/2023\/11\/CornflowerPolkaDotMixSingleSeedPacket1_1024x1024.jpg","datePublished":"2023-11-19T14:34:10+00:00","dateModified":"2025-11-06T21:33:01+00:00","breadcrumb":{"@id":"https:\/\/planthemmet.se\/index.php\/produkt\/blaklint-polkadot-mix\/#breadcrumb"},"inLanguage":"sv-SE","potentialAction":[{"@type":"ReadAction","target":["https:\/\/planthemmet.se\/index.php\/produkt\/blaklint-polkadot-mix\/"]}]},{"@type":"ImageObject","inLanguage":"sv-SE","@id":"https:\/\/planthemmet.se\/index.php\/produkt\/blaklint-polkadot-mix\/#primaryimage","url":"https:\/\/planthemmet.se\/wp-content\/uploads\/2023\/11\/CornflowerPolkaDotMixSingleSeedPacket1_1024x1024.jpg","contentUrl":"https:\/\/planthemmet.se\/wp-content\/uploads\/2023\/11\/CornflowerPolkaDotMixSingleSeedPacket1_1024x1024.jpg","width":1024,"height":1024},{"@type":"BreadcrumbList","@id":"https:\/\/planthemmet.se\/index.php\/produkt\/blaklint-polkadot-mix\/#breadcrumb","itemListElement":[{"@type":"ListItem","position":1,"name":"Hem","item":"https:\/\/planthemmet.se\/"},{"@type":"ListItem","position":2,"name":"Webbutik","item":"https:\/\/planthemmet.se\/index.php\/planthemmetwebbutik\/"},{"@type":"ListItem","position":3,"name":"Bl\u00e5klint Polkadot mix"}]},{"@type":"WebSite","@id":"https:\/\/planthemmet.se\/#website","url":"https:\/\/planthemmet.se\/","name":"Planthemmet","description":"Fannys gr\u00f6na h\u00f6rna","publisher":{"@id":"https:\/\/planthemmet.se\/#organization"},"potentialAction":[{"@type":"SearchAction","target":{"@type":"EntryPoint","urlTemplate":"https:\/\/planthemmet.se\/?s={search_term_string}"},"query-input":{"@type":"PropertyValueSpecification","valueRequired":true,"valueName":"search_term_string"}}],"inLanguage":"sv-SE"},{"@type":"Organization","@id":"https:\/\/planthemmet.se\/#organization","name":"Planthemmet","url":"https:\/\/planthemmet.se\/","logo":{"@type":"ImageObject","inLanguage":"sv-SE","@id":"https:\/\/planthemmet.se\/#\/schema\/logo\/image\/","url":"https:\/\/planthemmet.se\/wp-content\/uploads\/2022\/05\/Planthemmet-logo.png","contentUrl":"https:\/\/planthemmet.se\/wp-content\/uploads\/2022\/05\/Planthemmet-logo.png","width":200,"height":200,"caption":"Planthemmet"},"image":{"@id":"https:\/\/planthemmet.se\/#\/schema\/logo\/image\/"},"sameAs":["https:\/\/m.facebook.com\/Planthemmet","https:\/\/www.instagram.com\/planthemmet"]}]}},"jetpack_sharing_enabled":true,"_links":{"self":[{"href":"https:\/\/planthemmet.se\/index.php\/wp-json\/wp\/v2\/product\/1646","targetHints":{"allow":["GET"]}}],"collection":[{"href":"https:\/\/planthemmet.se\/index.php\/wp-json\/wp\/v2\/product"}],"about":[{"href":"https:\/\/planthemmet.se\/index.php\/wp-json\/wp\/v2\/types\/product"}],"replies":[{"embeddable":true,"href":"https:\/\/planthemmet.se\/index.php\/wp-json\/wp\/v2\/comments?post=1646"}],"wp:featuredmedia":[{"embeddable":true,"href":"https:\/\/planthemmet.se\/index.php\/wp-json\/wp\/v2\/media\/1647"}],"wp:attachment":[{"href":"https:\/\/planthemmet.se\/index.php\/wp-json\/wp\/v2\/media?parent=1646"}],"wp:term":[{"taxonomy":"product_brand","embeddable":true,"href":"https:\/\/planthemmet.se\/index.php\/wp-json\/wp\/v2\/product_brand?post=1646"},{"taxonomy":"product_cat","embeddable":true,"href":"https:\/\/planthemmet.se\/index.php\/wp-json\/wp\/v2\/product_cat?post=1646"},{"taxonomy":"product_tag","embeddable":true,"href":"https:\/\/planthemmet.se\/index.php\/wp-json\/wp\/v2\/product_tag?post=1646"}],"curies":[{"name":"wp","href":"https:\/\/api.w.org\/{rel}","templated":true}]}}