{"id":1638,"date":"2023-11-19T14:15:46","date_gmt":"2023-11-19T14:15:46","guid":{"rendered":"https:\/\/planthemmet.se\/?post_type=product&#038;p=1638"},"modified":"2025-09-30T14:22:09","modified_gmt":"2025-09-30T14:22:09","slug":"presentask-till-froer","status":"publish","type":"product","link":"https:\/\/planthemmet.se\/index.php\/produkt\/presentask-till-froer\/","title":{"rendered":"Presentask till fr\u00f6er"},"content":{"rendered":"<p>F\u00e4rgglad presentask som rymmer totalt 6 st fr\u00f6p\u00e5sar fr\u00e5n Piccolo seeds. P\u00e5 insidan kan du skriva ett litet meddelande. Vid k\u00f6p av fr\u00f6er levereras asken platt f\u00f6r att underl\u00e4tta transporten.<\/p>\n","protected":false},"excerpt":{"rendered":"<p>&#8211; Presentask eller f\u00f6rvaringsask<br \/>\n&#8211; Plats att skriva &#8221;till&#8221; och &#8221;fr\u00e5n&#8221;<\/p>\n","protected":false},"featured_media":1641,"comment_status":"closed","ping_status":"closed","template":"","meta":[],"product_brand":[],"product_cat":[64,32],"product_tag":[68],"class_list":{"0":"post-1638","1":"product","2":"type-product","3":"status-publish","4":"has-post-thumbnail","6":"product_cat-froer-tradgard","7":"product_cat-rea-varor","8":"product_tag-froer","9":"product_shipping_class-frakt-liten","10":"sales-flash-overlay","11":"woocommerce-text-align-center","12":"woocommerce-image-align-center","13":"do-quantity-buttons","14":"wc-has-gallery","16":"first","17":"instock","18":"sale","19":"taxable","20":"shipping-taxable","21":"purchasable","22":"product-type-simple"},"yoast_head":"<!-- This site is optimized with the Yoast SEO plugin v27.4 - https:\/\/yoast.com\/product\/yoast-seo-wordpress\/ -->\n<title>Presentask till fr\u00f6er - Planthemmet<\/title>\n<meta name=\"robots\" content=\"index, follow, max-snippet:-1, max-image-preview:large, max-video-preview:-1\" \/>\n<link rel=\"canonical\" href=\"https:\/\/planthemmet.se\/index.php\/produkt\/presentask-till-froer\/\" \/>\n<meta property=\"og:locale\" content=\"sv_SE\" \/>\n<meta property=\"og:type\" content=\"article\" \/>\n<meta property=\"og:title\" content=\"Presentask till fr\u00f6er - Planthemmet\" \/>\n<meta property=\"og:description\" content=\"- Presentask eller f\u00f6rvaringsask - Plats att skriva &quot;till&quot; och &quot;fr\u00e5n&quot;\" \/>\n<meta property=\"og:url\" content=\"https:\/\/planthemmet.se\/index.php\/produkt\/presentask-till-froer\/\" \/>\n<meta property=\"og:site_name\" content=\"Planthemmet\" \/>\n<meta property=\"article:publisher\" content=\"https:\/\/m.facebook.com\/Planthemmet\" \/>\n<meta property=\"article:modified_time\" content=\"2025-09-30T14:22:09+00:00\" \/>\n<meta property=\"og:image\" content=\"https:\/\/planthemmet.se\/wp-content\/uploads\/2023\/11\/giftboxpiccolo1_820.jpg\" \/>\n\t<meta property=\"og:image:width\" content=\"820\" \/>\n\t<meta property=\"og:image:height\" content=\"820\" \/>\n\t<meta property=\"og:image:type\" content=\"image\/jpeg\" \/>\n<meta name=\"twitter:card\" content=\"summary_large_image\" \/>\n<script type=\"application\/ld+json\" class=\"yoast-schema-graph\">{\"@context\":\"https:\\\/\\\/schema.org\",\"@graph\":[{\"@type\":\"WebPage\",\"@id\":\"https:\\\/\\\/planthemmet.se\\\/index.php\\\/produkt\\\/presentask-till-froer\\\/\",\"url\":\"https:\\\/\\\/planthemmet.se\\\/index.php\\\/produkt\\\/presentask-till-froer\\\/\",\"name\":\"Presentask till fr\u00f6er - Planthemmet\",\"isPartOf\":{\"@id\":\"https:\\\/\\\/planthemmet.se\\\/#website\"},\"primaryImageOfPage\":{\"@id\":\"https:\\\/\\\/planthemmet.se\\\/index.php\\\/produkt\\\/presentask-till-froer\\\/#primaryimage\"},\"image\":{\"@id\":\"https:\\\/\\\/planthemmet.se\\\/index.php\\\/produkt\\\/presentask-till-froer\\\/#primaryimage\"},\"thumbnailUrl\":\"https:\\\/\\\/planthemmet.se\\\/wp-content\\\/uploads\\\/2023\\\/11\\\/giftboxpiccolo1_820.jpg\",\"datePublished\":\"2023-11-19T14:15:46+00:00\",\"dateModified\":\"2025-09-30T14:22:09+00:00\",\"breadcrumb\":{\"@id\":\"https:\\\/\\\/planthemmet.se\\\/index.php\\\/produkt\\\/presentask-till-froer\\\/#breadcrumb\"},\"inLanguage\":\"sv-SE\",\"potentialAction\":[{\"@type\":\"ReadAction\",\"target\":[\"https:\\\/\\\/planthemmet.se\\\/index.php\\\/produkt\\\/presentask-till-froer\\\/\"]}]},{\"@type\":\"ImageObject\",\"inLanguage\":\"sv-SE\",\"@id\":\"https:\\\/\\\/planthemmet.se\\\/index.php\\\/produkt\\\/presentask-till-froer\\\/#primaryimage\",\"url\":\"https:\\\/\\\/planthemmet.se\\\/wp-content\\\/uploads\\\/2023\\\/11\\\/giftboxpiccolo1_820.jpg\",\"contentUrl\":\"https:\\\/\\\/planthemmet.se\\\/wp-content\\\/uploads\\\/2023\\\/11\\\/giftboxpiccolo1_820.jpg\",\"width\":820,\"height\":820},{\"@type\":\"BreadcrumbList\",\"@id\":\"https:\\\/\\\/planthemmet.se\\\/index.php\\\/produkt\\\/presentask-till-froer\\\/#breadcrumb\",\"itemListElement\":[{\"@type\":\"ListItem\",\"position\":1,\"name\":\"Hem\",\"item\":\"https:\\\/\\\/planthemmet.se\\\/\"},{\"@type\":\"ListItem\",\"position\":2,\"name\":\"Webbutik\",\"item\":\"https:\\\/\\\/planthemmet.se\\\/index.php\\\/planthemmetwebbutik\\\/\"},{\"@type\":\"ListItem\",\"position\":3,\"name\":\"Presentask till fr\u00f6er\"}]},{\"@type\":\"WebSite\",\"@id\":\"https:\\\/\\\/planthemmet.se\\\/#website\",\"url\":\"https:\\\/\\\/planthemmet.se\\\/\",\"name\":\"Planthemmet\",\"description\":\"Fannys gr\u00f6na h\u00f6rna\",\"publisher\":{\"@id\":\"https:\\\/\\\/planthemmet.se\\\/#organization\"},\"potentialAction\":[{\"@type\":\"SearchAction\",\"target\":{\"@type\":\"EntryPoint\",\"urlTemplate\":\"https:\\\/\\\/planthemmet.se\\\/?s={search_term_string}\"},\"query-input\":{\"@type\":\"PropertyValueSpecification\",\"valueRequired\":true,\"valueName\":\"search_term_string\"}}],\"inLanguage\":\"sv-SE\"},{\"@type\":\"Organization\",\"@id\":\"https:\\\/\\\/planthemmet.se\\\/#organization\",\"name\":\"Planthemmet\",\"url\":\"https:\\\/\\\/planthemmet.se\\\/\",\"logo\":{\"@type\":\"ImageObject\",\"inLanguage\":\"sv-SE\",\"@id\":\"https:\\\/\\\/planthemmet.se\\\/#\\\/schema\\\/logo\\\/image\\\/\",\"url\":\"https:\\\/\\\/planthemmet.se\\\/wp-content\\\/uploads\\\/2022\\\/05\\\/Planthemmet-logo.png\",\"contentUrl\":\"https:\\\/\\\/planthemmet.se\\\/wp-content\\\/uploads\\\/2022\\\/05\\\/Planthemmet-logo.png\",\"width\":200,\"height\":200,\"caption\":\"Planthemmet\"},\"image\":{\"@id\":\"https:\\\/\\\/planthemmet.se\\\/#\\\/schema\\\/logo\\\/image\\\/\"},\"sameAs\":[\"https:\\\/\\\/m.facebook.com\\\/Planthemmet\",\"https:\\\/\\\/www.instagram.com\\\/planthemmet\"]}]}<\/script>\n<!-- \/ Yoast SEO plugin. -->","yoast_head_json":{"title":"Presentask till fr\u00f6er - Planthemmet","robots":{"index":"index","follow":"follow","max-snippet":"max-snippet:-1","max-image-preview":"max-image-preview:large","max-video-preview":"max-video-preview:-1"},"canonical":"https:\/\/planthemmet.se\/index.php\/produkt\/presentask-till-froer\/","og_locale":"sv_SE","og_type":"article","og_title":"Presentask till fr\u00f6er - Planthemmet","og_description":"- Presentask eller f\u00f6rvaringsask - Plats att skriva \"till\" och \"fr\u00e5n\"","og_url":"https:\/\/planthemmet.se\/index.php\/produkt\/presentask-till-froer\/","og_site_name":"Planthemmet","article_publisher":"https:\/\/m.facebook.com\/Planthemmet","article_modified_time":"2025-09-30T14:22:09+00:00","og_image":[{"width":820,"height":820,"url":"https:\/\/planthemmet.se\/wp-content\/uploads\/2023\/11\/giftboxpiccolo1_820.jpg","type":"image\/jpeg"}],"twitter_card":"summary_large_image","schema":{"@context":"https:\/\/schema.org","@graph":[{"@type":"WebPage","@id":"https:\/\/planthemmet.se\/index.php\/produkt\/presentask-till-froer\/","url":"https:\/\/planthemmet.se\/index.php\/produkt\/presentask-till-froer\/","name":"Presentask till fr\u00f6er - Planthemmet","isPartOf":{"@id":"https:\/\/planthemmet.se\/#website"},"primaryImageOfPage":{"@id":"https:\/\/planthemmet.se\/index.php\/produkt\/presentask-till-froer\/#primaryimage"},"image":{"@id":"https:\/\/planthemmet.se\/index.php\/produkt\/presentask-till-froer\/#primaryimage"},"thumbnailUrl":"https:\/\/planthemmet.se\/wp-content\/uploads\/2023\/11\/giftboxpiccolo1_820.jpg","datePublished":"2023-11-19T14:15:46+00:00","dateModified":"2025-09-30T14:22:09+00:00","breadcrumb":{"@id":"https:\/\/planthemmet.se\/index.php\/produkt\/presentask-till-froer\/#breadcrumb"},"inLanguage":"sv-SE","potentialAction":[{"@type":"ReadAction","target":["https:\/\/planthemmet.se\/index.php\/produkt\/presentask-till-froer\/"]}]},{"@type":"ImageObject","inLanguage":"sv-SE","@id":"https:\/\/planthemmet.se\/index.php\/produkt\/presentask-till-froer\/#primaryimage","url":"https:\/\/planthemmet.se\/wp-content\/uploads\/2023\/11\/giftboxpiccolo1_820.jpg","contentUrl":"https:\/\/planthemmet.se\/wp-content\/uploads\/2023\/11\/giftboxpiccolo1_820.jpg","width":820,"height":820},{"@type":"BreadcrumbList","@id":"https:\/\/planthemmet.se\/index.php\/produkt\/presentask-till-froer\/#breadcrumb","itemListElement":[{"@type":"ListItem","position":1,"name":"Hem","item":"https:\/\/planthemmet.se\/"},{"@type":"ListItem","position":2,"name":"Webbutik","item":"https:\/\/planthemmet.se\/index.php\/planthemmetwebbutik\/"},{"@type":"ListItem","position":3,"name":"Presentask till fr\u00f6er"}]},{"@type":"WebSite","@id":"https:\/\/planthemmet.se\/#website","url":"https:\/\/planthemmet.se\/","name":"Planthemmet","description":"Fannys gr\u00f6na h\u00f6rna","publisher":{"@id":"https:\/\/planthemmet.se\/#organization"},"potentialAction":[{"@type":"SearchAction","target":{"@type":"EntryPoint","urlTemplate":"https:\/\/planthemmet.se\/?s={search_term_string}"},"query-input":{"@type":"PropertyValueSpecification","valueRequired":true,"valueName":"search_term_string"}}],"inLanguage":"sv-SE"},{"@type":"Organization","@id":"https:\/\/planthemmet.se\/#organization","name":"Planthemmet","url":"https:\/\/planthemmet.se\/","logo":{"@type":"ImageObject","inLanguage":"sv-SE","@id":"https:\/\/planthemmet.se\/#\/schema\/logo\/image\/","url":"https:\/\/planthemmet.se\/wp-content\/uploads\/2022\/05\/Planthemmet-logo.png","contentUrl":"https:\/\/planthemmet.se\/wp-content\/uploads\/2022\/05\/Planthemmet-logo.png","width":200,"height":200,"caption":"Planthemmet"},"image":{"@id":"https:\/\/planthemmet.se\/#\/schema\/logo\/image\/"},"sameAs":["https:\/\/m.facebook.com\/Planthemmet","https:\/\/www.instagram.com\/planthemmet"]}]}},"jetpack_sharing_enabled":true,"_links":{"self":[{"href":"https:\/\/planthemmet.se\/index.php\/wp-json\/wp\/v2\/product\/1638","targetHints":{"allow":["GET"]}}],"collection":[{"href":"https:\/\/planthemmet.se\/index.php\/wp-json\/wp\/v2\/product"}],"about":[{"href":"https:\/\/planthemmet.se\/index.php\/wp-json\/wp\/v2\/types\/product"}],"replies":[{"embeddable":true,"href":"https:\/\/planthemmet.se\/index.php\/wp-json\/wp\/v2\/comments?post=1638"}],"wp:featuredmedia":[{"embeddable":true,"href":"https:\/\/planthemmet.se\/index.php\/wp-json\/wp\/v2\/media\/1641"}],"wp:attachment":[{"href":"https:\/\/planthemmet.se\/index.php\/wp-json\/wp\/v2\/media?parent=1638"}],"wp:term":[{"taxonomy":"product_brand","embeddable":true,"href":"https:\/\/planthemmet.se\/index.php\/wp-json\/wp\/v2\/product_brand?post=1638"},{"taxonomy":"product_cat","embeddable":true,"href":"https:\/\/planthemmet.se\/index.php\/wp-json\/wp\/v2\/product_cat?post=1638"},{"taxonomy":"product_tag","embeddable":true,"href":"https:\/\/planthemmet.se\/index.php\/wp-json\/wp\/v2\/product_tag?post=1638"}],"curies":[{"name":"wp","href":"https:\/\/api.w.org\/{rel}","templated":true}]}}