{"id":1627,"date":"2023-11-19T15:00:09","date_gmt":"2023-11-19T15:00:09","guid":{"rendered":"https:\/\/planthemmet.se\/?post_type=product&#038;p=1627"},"modified":"2025-11-06T21:32:30","modified_gmt":"2025-11-06T21:32:30","slug":"piccolo-seeds-odlingslada","status":"publish","type":"product","link":"https:\/\/planthemmet.se\/index.php\/produkt\/piccolo-seeds-odlingslada\/","title":{"rendered":"Piccolo seeds odlingsl\u00e5da"},"content":{"rendered":"<p>Odlingsl\u00e5dan fr\u00e5n Piccolo seeds inneh\u00e5ller precis det du beh\u00f6ver f\u00f6r att b\u00f6rja odla. Ditt startkit inneh\u00e5ller 3 st kokosbriketter med jord och 3 st torvkrukor. I l\u00e5dan finns det plats f\u00f6r 3 st fr\u00f6p\u00e5sar som kan k\u00f6pas till separat.<\/p>\n","protected":false},"excerpt":{"rendered":"<p>&#8211; 3 st kokostorvbriketter<br \/>\n&#8211; 3 st torvkrukor<br \/>\n&#8211; Plats f\u00f6r att k\u00f6pa till fr\u00f6p\u00e5sar<\/p>\n","protected":false},"featured_media":1628,"comment_status":"closed","ping_status":"closed","template":"","meta":[],"product_brand":[],"product_cat":[64,32],"product_tag":[68,88,83,128],"class_list":{"0":"post-1627","1":"product","2":"type-product","3":"status-publish","4":"has-post-thumbnail","6":"product_cat-froer-tradgard","7":"product_cat-rea-varor","8":"product_tag-froer","9":"product_tag-odla-atbart","10":"product_tag-odla-pa-liten-yta","11":"product_tag-tradgard","12":"product_shipping_class-frakt-liten-sparbart","13":"sales-flash-overlay","14":"woocommerce-text-align-center","15":"woocommerce-image-align-center","16":"do-quantity-buttons","17":"wc-has-gallery","19":"first","20":"instock","21":"sale","22":"taxable","23":"shipping-taxable","24":"purchasable","25":"product-type-simple"},"yoast_head":"<!-- This site is optimized with the Yoast SEO plugin v27.2 - https:\/\/yoast.com\/product\/yoast-seo-wordpress\/ -->\n<title>Piccolo seeds odlingsl\u00e5da - Planthemmet<\/title>\n<meta name=\"robots\" content=\"index, follow, max-snippet:-1, max-image-preview:large, max-video-preview:-1\" \/>\n<link rel=\"canonical\" href=\"https:\/\/planthemmet.se\/index.php\/produkt\/piccolo-seeds-odlingslada\/\" \/>\n<meta property=\"og:locale\" content=\"sv_SE\" \/>\n<meta property=\"og:type\" content=\"article\" \/>\n<meta property=\"og:title\" content=\"Piccolo seeds odlingsl\u00e5da - Planthemmet\" \/>\n<meta property=\"og:description\" content=\"- 3 st kokostorvbriketter - 3 st torvkrukor - Plats f\u00f6r att k\u00f6pa till fr\u00f6p\u00e5sar\" \/>\n<meta property=\"og:url\" content=\"https:\/\/planthemmet.se\/index.php\/produkt\/piccolo-seeds-odlingslada\/\" \/>\n<meta property=\"og:site_name\" content=\"Planthemmet\" \/>\n<meta property=\"article:publisher\" content=\"https:\/\/m.facebook.com\/Planthemmet\" \/>\n<meta property=\"article:modified_time\" content=\"2025-11-06T21:32:30+00:00\" \/>\n<meta property=\"og:image\" content=\"https:\/\/planthemmet.se\/wp-content\/uploads\/2023\/11\/Piccoloodlingslada.jpg\" \/>\n\t<meta property=\"og:image:width\" content=\"863\" \/>\n\t<meta property=\"og:image:height\" content=\"1000\" \/>\n\t<meta property=\"og:image:type\" content=\"image\/jpeg\" \/>\n<meta name=\"twitter:card\" content=\"summary_large_image\" \/>\n<meta name=\"twitter:label1\" content=\"Ber\u00e4knad l\u00e4stid\" \/>\n\t<meta name=\"twitter:data1\" content=\"1 minut\" \/>\n<script type=\"application\/ld+json\" class=\"yoast-schema-graph\">{\"@context\":\"https:\/\/schema.org\",\"@graph\":[{\"@type\":\"WebPage\",\"@id\":\"https:\/\/planthemmet.se\/index.php\/produkt\/piccolo-seeds-odlingslada\/\",\"url\":\"https:\/\/planthemmet.se\/index.php\/produkt\/piccolo-seeds-odlingslada\/\",\"name\":\"Piccolo seeds odlingsl\u00e5da - Planthemmet\",\"isPartOf\":{\"@id\":\"https:\/\/planthemmet.se\/#website\"},\"primaryImageOfPage\":{\"@id\":\"https:\/\/planthemmet.se\/index.php\/produkt\/piccolo-seeds-odlingslada\/#primaryimage\"},\"image\":{\"@id\":\"https:\/\/planthemmet.se\/index.php\/produkt\/piccolo-seeds-odlingslada\/#primaryimage\"},\"thumbnailUrl\":\"https:\/\/planthemmet.se\/wp-content\/uploads\/2023\/11\/Piccoloodlingslada.jpg\",\"datePublished\":\"2023-11-19T15:00:09+00:00\",\"dateModified\":\"2025-11-06T21:32:30+00:00\",\"breadcrumb\":{\"@id\":\"https:\/\/planthemmet.se\/index.php\/produkt\/piccolo-seeds-odlingslada\/#breadcrumb\"},\"inLanguage\":\"sv-SE\",\"potentialAction\":[{\"@type\":\"ReadAction\",\"target\":[\"https:\/\/planthemmet.se\/index.php\/produkt\/piccolo-seeds-odlingslada\/\"]}]},{\"@type\":\"ImageObject\",\"inLanguage\":\"sv-SE\",\"@id\":\"https:\/\/planthemmet.se\/index.php\/produkt\/piccolo-seeds-odlingslada\/#primaryimage\",\"url\":\"https:\/\/planthemmet.se\/wp-content\/uploads\/2023\/11\/Piccoloodlingslada.jpg\",\"contentUrl\":\"https:\/\/planthemmet.se\/wp-content\/uploads\/2023\/11\/Piccoloodlingslada.jpg\",\"width\":863,\"height\":1000},{\"@type\":\"BreadcrumbList\",\"@id\":\"https:\/\/planthemmet.se\/index.php\/produkt\/piccolo-seeds-odlingslada\/#breadcrumb\",\"itemListElement\":[{\"@type\":\"ListItem\",\"position\":1,\"name\":\"Hem\",\"item\":\"https:\/\/planthemmet.se\/\"},{\"@type\":\"ListItem\",\"position\":2,\"name\":\"Webbutik\",\"item\":\"https:\/\/planthemmet.se\/index.php\/planthemmetwebbutik\/\"},{\"@type\":\"ListItem\",\"position\":3,\"name\":\"Piccolo seeds odlingsl\u00e5da\"}]},{\"@type\":\"WebSite\",\"@id\":\"https:\/\/planthemmet.se\/#website\",\"url\":\"https:\/\/planthemmet.se\/\",\"name\":\"Planthemmet\",\"description\":\"Fannys gr\u00f6na h\u00f6rna\",\"publisher\":{\"@id\":\"https:\/\/planthemmet.se\/#organization\"},\"potentialAction\":[{\"@type\":\"SearchAction\",\"target\":{\"@type\":\"EntryPoint\",\"urlTemplate\":\"https:\/\/planthemmet.se\/?s={search_term_string}\"},\"query-input\":{\"@type\":\"PropertyValueSpecification\",\"valueRequired\":true,\"valueName\":\"search_term_string\"}}],\"inLanguage\":\"sv-SE\"},{\"@type\":\"Organization\",\"@id\":\"https:\/\/planthemmet.se\/#organization\",\"name\":\"Planthemmet\",\"url\":\"https:\/\/planthemmet.se\/\",\"logo\":{\"@type\":\"ImageObject\",\"inLanguage\":\"sv-SE\",\"@id\":\"https:\/\/planthemmet.se\/#\/schema\/logo\/image\/\",\"url\":\"https:\/\/planthemmet.se\/wp-content\/uploads\/2022\/05\/Planthemmet-logo.png\",\"contentUrl\":\"https:\/\/planthemmet.se\/wp-content\/uploads\/2022\/05\/Planthemmet-logo.png\",\"width\":200,\"height\":200,\"caption\":\"Planthemmet\"},\"image\":{\"@id\":\"https:\/\/planthemmet.se\/#\/schema\/logo\/image\/\"},\"sameAs\":[\"https:\/\/m.facebook.com\/Planthemmet\",\"https:\/\/www.instagram.com\/planthemmet\"]}]}<\/script>\n<!-- \/ Yoast SEO plugin. -->","yoast_head_json":{"title":"Piccolo seeds odlingsl\u00e5da - Planthemmet","robots":{"index":"index","follow":"follow","max-snippet":"max-snippet:-1","max-image-preview":"max-image-preview:large","max-video-preview":"max-video-preview:-1"},"canonical":"https:\/\/planthemmet.se\/index.php\/produkt\/piccolo-seeds-odlingslada\/","og_locale":"sv_SE","og_type":"article","og_title":"Piccolo seeds odlingsl\u00e5da - Planthemmet","og_description":"- 3 st kokostorvbriketter - 3 st torvkrukor - Plats f\u00f6r att k\u00f6pa till fr\u00f6p\u00e5sar","og_url":"https:\/\/planthemmet.se\/index.php\/produkt\/piccolo-seeds-odlingslada\/","og_site_name":"Planthemmet","article_publisher":"https:\/\/m.facebook.com\/Planthemmet","article_modified_time":"2025-11-06T21:32:30+00:00","og_image":[{"width":863,"height":1000,"url":"https:\/\/planthemmet.se\/wp-content\/uploads\/2023\/11\/Piccoloodlingslada.jpg","type":"image\/jpeg"}],"twitter_card":"summary_large_image","twitter_misc":{"Ber\u00e4knad l\u00e4stid":"1 minut"},"schema":{"@context":"https:\/\/schema.org","@graph":[{"@type":"WebPage","@id":"https:\/\/planthemmet.se\/index.php\/produkt\/piccolo-seeds-odlingslada\/","url":"https:\/\/planthemmet.se\/index.php\/produkt\/piccolo-seeds-odlingslada\/","name":"Piccolo seeds odlingsl\u00e5da - Planthemmet","isPartOf":{"@id":"https:\/\/planthemmet.se\/#website"},"primaryImageOfPage":{"@id":"https:\/\/planthemmet.se\/index.php\/produkt\/piccolo-seeds-odlingslada\/#primaryimage"},"image":{"@id":"https:\/\/planthemmet.se\/index.php\/produkt\/piccolo-seeds-odlingslada\/#primaryimage"},"thumbnailUrl":"https:\/\/planthemmet.se\/wp-content\/uploads\/2023\/11\/Piccoloodlingslada.jpg","datePublished":"2023-11-19T15:00:09+00:00","dateModified":"2025-11-06T21:32:30+00:00","breadcrumb":{"@id":"https:\/\/planthemmet.se\/index.php\/produkt\/piccolo-seeds-odlingslada\/#breadcrumb"},"inLanguage":"sv-SE","potentialAction":[{"@type":"ReadAction","target":["https:\/\/planthemmet.se\/index.php\/produkt\/piccolo-seeds-odlingslada\/"]}]},{"@type":"ImageObject","inLanguage":"sv-SE","@id":"https:\/\/planthemmet.se\/index.php\/produkt\/piccolo-seeds-odlingslada\/#primaryimage","url":"https:\/\/planthemmet.se\/wp-content\/uploads\/2023\/11\/Piccoloodlingslada.jpg","contentUrl":"https:\/\/planthemmet.se\/wp-content\/uploads\/2023\/11\/Piccoloodlingslada.jpg","width":863,"height":1000},{"@type":"BreadcrumbList","@id":"https:\/\/planthemmet.se\/index.php\/produkt\/piccolo-seeds-odlingslada\/#breadcrumb","itemListElement":[{"@type":"ListItem","position":1,"name":"Hem","item":"https:\/\/planthemmet.se\/"},{"@type":"ListItem","position":2,"name":"Webbutik","item":"https:\/\/planthemmet.se\/index.php\/planthemmetwebbutik\/"},{"@type":"ListItem","position":3,"name":"Piccolo seeds odlingsl\u00e5da"}]},{"@type":"WebSite","@id":"https:\/\/planthemmet.se\/#website","url":"https:\/\/planthemmet.se\/","name":"Planthemmet","description":"Fannys gr\u00f6na h\u00f6rna","publisher":{"@id":"https:\/\/planthemmet.se\/#organization"},"potentialAction":[{"@type":"SearchAction","target":{"@type":"EntryPoint","urlTemplate":"https:\/\/planthemmet.se\/?s={search_term_string}"},"query-input":{"@type":"PropertyValueSpecification","valueRequired":true,"valueName":"search_term_string"}}],"inLanguage":"sv-SE"},{"@type":"Organization","@id":"https:\/\/planthemmet.se\/#organization","name":"Planthemmet","url":"https:\/\/planthemmet.se\/","logo":{"@type":"ImageObject","inLanguage":"sv-SE","@id":"https:\/\/planthemmet.se\/#\/schema\/logo\/image\/","url":"https:\/\/planthemmet.se\/wp-content\/uploads\/2022\/05\/Planthemmet-logo.png","contentUrl":"https:\/\/planthemmet.se\/wp-content\/uploads\/2022\/05\/Planthemmet-logo.png","width":200,"height":200,"caption":"Planthemmet"},"image":{"@id":"https:\/\/planthemmet.se\/#\/schema\/logo\/image\/"},"sameAs":["https:\/\/m.facebook.com\/Planthemmet","https:\/\/www.instagram.com\/planthemmet"]}]}},"jetpack_sharing_enabled":true,"_links":{"self":[{"href":"https:\/\/planthemmet.se\/index.php\/wp-json\/wp\/v2\/product\/1627","targetHints":{"allow":["GET"]}}],"collection":[{"href":"https:\/\/planthemmet.se\/index.php\/wp-json\/wp\/v2\/product"}],"about":[{"href":"https:\/\/planthemmet.se\/index.php\/wp-json\/wp\/v2\/types\/product"}],"replies":[{"embeddable":true,"href":"https:\/\/planthemmet.se\/index.php\/wp-json\/wp\/v2\/comments?post=1627"}],"wp:featuredmedia":[{"embeddable":true,"href":"https:\/\/planthemmet.se\/index.php\/wp-json\/wp\/v2\/media\/1628"}],"wp:attachment":[{"href":"https:\/\/planthemmet.se\/index.php\/wp-json\/wp\/v2\/media?parent=1627"}],"wp:term":[{"taxonomy":"product_brand","embeddable":true,"href":"https:\/\/planthemmet.se\/index.php\/wp-json\/wp\/v2\/product_brand?post=1627"},{"taxonomy":"product_cat","embeddable":true,"href":"https:\/\/planthemmet.se\/index.php\/wp-json\/wp\/v2\/product_cat?post=1627"},{"taxonomy":"product_tag","embeddable":true,"href":"https:\/\/planthemmet.se\/index.php\/wp-json\/wp\/v2\/product_tag?post=1627"}],"curies":[{"name":"wp","href":"https:\/\/api.w.org\/{rel}","templated":true}]}}