{"id":1371,"date":"2023-01-18T14:15:54","date_gmt":"2023-01-18T14:15:54","guid":{"rendered":"https:\/\/planthemmet.se\/?post_type=product&#038;p=1371"},"modified":"2025-09-30T14:26:47","modified_gmt":"2025-09-30T14:26:47","slug":"chili-jalapeno-m","status":"publish","type":"product","link":"https:\/\/planthemmet.se\/index.php\/produkt\/chili-jalapeno-m\/","title":{"rendered":"Chili &#8211; Jalape\u00f1o M"},"content":{"rendered":"<p>En riktig tex-mex jalape\u00f1o som ger knubbiga frukter runt 8cm stora. T\u00e5ligare planta som ger rikligt med frukt. \u00c4ts vanligen i det gr\u00f6na stadiet men f\u00f6r den v\u00e5ghalsiga kan man testa och \u00e4ta den n\u00e4r den mognat helt och blivit r\u00f6d. Ju mer mogen den blir desto starkare blir den. Scoville 2500-8000<\/p>\n<p>Samodlas med f\u00f6rdel tillsammans med:<br \/>\n&#8211; Okra<br \/>\n&#8211; Basilika<br \/>\n&#8211; R\u00e4disor<br \/>\n&#8211; Ringblomma<br \/>\n&#8211; Mynta<br \/>\n&#8211; L\u00f6k<\/p>\n","protected":false},"excerpt":{"rendered":"<p>Caspicum annuum<br \/>\nF\u00f6rkultiveras<br \/>\n35st fr\u00f6n i fin f\u00f6rpackning med b\u00e5de kuriosa och instruktioner<\/p>\n","protected":false},"featured_media":1324,"comment_status":"closed","ping_status":"closed","template":"","meta":[],"product_brand":[],"product_cat":[64,32],"product_tag":[68,88],"class_list":{"0":"post-1371","1":"product","2":"type-product","3":"status-publish","4":"has-post-thumbnail","6":"product_cat-froer-tradgard","7":"product_cat-rea-varor","8":"product_tag-froer","9":"product_tag-odla-atbart","10":"product_shipping_class-frakt-liten","11":"sales-flash-overlay","12":"woocommerce-text-align-center","13":"woocommerce-image-align-center","14":"do-quantity-buttons","15":"wc-has-gallery","17":"first","18":"instock","19":"sale","20":"taxable","21":"shipping-taxable","22":"purchasable","23":"product-type-simple"},"yoast_head":"<!-- This site is optimized with the Yoast SEO plugin v27.2 - https:\/\/yoast.com\/product\/yoast-seo-wordpress\/ -->\n<title>Chili - Jalape\u00f1o M - Planthemmet<\/title>\n<meta name=\"robots\" content=\"index, follow, max-snippet:-1, max-image-preview:large, max-video-preview:-1\" \/>\n<link rel=\"canonical\" href=\"https:\/\/planthemmet.se\/index.php\/produkt\/chili-jalapeno-m\/\" \/>\n<meta property=\"og:locale\" content=\"sv_SE\" \/>\n<meta property=\"og:type\" content=\"article\" \/>\n<meta property=\"og:title\" content=\"Chili - Jalape\u00f1o M - Planthemmet\" \/>\n<meta property=\"og:description\" content=\"Caspicum annuum F\u00f6rkultiveras 35st fr\u00f6n i fin f\u00f6rpackning med b\u00e5de kuriosa och instruktioner\" \/>\n<meta property=\"og:url\" content=\"https:\/\/planthemmet.se\/index.php\/produkt\/chili-jalapeno-m\/\" \/>\n<meta property=\"og:site_name\" content=\"Planthemmet\" \/>\n<meta property=\"article:publisher\" content=\"https:\/\/m.facebook.com\/Planthemmet\" \/>\n<meta property=\"article:modified_time\" content=\"2025-09-30T14:26:47+00:00\" \/>\n<meta property=\"og:image\" content=\"https:\/\/planthemmet.se\/wp-content\/uploads\/2023\/01\/PS1016_Hot_pepper_Jalapeno.jpg\" \/>\n\t<meta property=\"og:image:width\" content=\"1200\" \/>\n\t<meta property=\"og:image:height\" content=\"800\" \/>\n\t<meta property=\"og:image:type\" content=\"image\/jpeg\" \/>\n<meta name=\"twitter:card\" content=\"summary_large_image\" \/>\n<meta name=\"twitter:label1\" content=\"Ber\u00e4knad l\u00e4stid\" \/>\n\t<meta name=\"twitter:data1\" content=\"1 minut\" \/>\n<script type=\"application\/ld+json\" class=\"yoast-schema-graph\">{\"@context\":\"https:\/\/schema.org\",\"@graph\":[{\"@type\":\"WebPage\",\"@id\":\"https:\/\/planthemmet.se\/index.php\/produkt\/chili-jalapeno-m\/\",\"url\":\"https:\/\/planthemmet.se\/index.php\/produkt\/chili-jalapeno-m\/\",\"name\":\"Chili - Jalape\u00f1o M - Planthemmet\",\"isPartOf\":{\"@id\":\"https:\/\/planthemmet.se\/#website\"},\"primaryImageOfPage\":{\"@id\":\"https:\/\/planthemmet.se\/index.php\/produkt\/chili-jalapeno-m\/#primaryimage\"},\"image\":{\"@id\":\"https:\/\/planthemmet.se\/index.php\/produkt\/chili-jalapeno-m\/#primaryimage\"},\"thumbnailUrl\":\"https:\/\/planthemmet.se\/wp-content\/uploads\/2023\/01\/PS1016_Hot_pepper_Jalapeno.jpg\",\"datePublished\":\"2023-01-18T14:15:54+00:00\",\"dateModified\":\"2025-09-30T14:26:47+00:00\",\"breadcrumb\":{\"@id\":\"https:\/\/planthemmet.se\/index.php\/produkt\/chili-jalapeno-m\/#breadcrumb\"},\"inLanguage\":\"sv-SE\",\"potentialAction\":[{\"@type\":\"ReadAction\",\"target\":[\"https:\/\/planthemmet.se\/index.php\/produkt\/chili-jalapeno-m\/\"]}]},{\"@type\":\"ImageObject\",\"inLanguage\":\"sv-SE\",\"@id\":\"https:\/\/planthemmet.se\/index.php\/produkt\/chili-jalapeno-m\/#primaryimage\",\"url\":\"https:\/\/planthemmet.se\/wp-content\/uploads\/2023\/01\/PS1016_Hot_pepper_Jalapeno.jpg\",\"contentUrl\":\"https:\/\/planthemmet.se\/wp-content\/uploads\/2023\/01\/PS1016_Hot_pepper_Jalapeno.jpg\",\"width\":1200,\"height\":800,\"caption\":\"www.martinabarbon.com\"},{\"@type\":\"BreadcrumbList\",\"@id\":\"https:\/\/planthemmet.se\/index.php\/produkt\/chili-jalapeno-m\/#breadcrumb\",\"itemListElement\":[{\"@type\":\"ListItem\",\"position\":1,\"name\":\"Hem\",\"item\":\"https:\/\/planthemmet.se\/\"},{\"@type\":\"ListItem\",\"position\":2,\"name\":\"Webbutik\",\"item\":\"https:\/\/planthemmet.se\/index.php\/planthemmetwebbutik\/\"},{\"@type\":\"ListItem\",\"position\":3,\"name\":\"Chili &#8211; Jalape\u00f1o M\"}]},{\"@type\":\"WebSite\",\"@id\":\"https:\/\/planthemmet.se\/#website\",\"url\":\"https:\/\/planthemmet.se\/\",\"name\":\"Planthemmet\",\"description\":\"Fannys gr\u00f6na h\u00f6rna\",\"publisher\":{\"@id\":\"https:\/\/planthemmet.se\/#organization\"},\"potentialAction\":[{\"@type\":\"SearchAction\",\"target\":{\"@type\":\"EntryPoint\",\"urlTemplate\":\"https:\/\/planthemmet.se\/?s={search_term_string}\"},\"query-input\":{\"@type\":\"PropertyValueSpecification\",\"valueRequired\":true,\"valueName\":\"search_term_string\"}}],\"inLanguage\":\"sv-SE\"},{\"@type\":\"Organization\",\"@id\":\"https:\/\/planthemmet.se\/#organization\",\"name\":\"Planthemmet\",\"url\":\"https:\/\/planthemmet.se\/\",\"logo\":{\"@type\":\"ImageObject\",\"inLanguage\":\"sv-SE\",\"@id\":\"https:\/\/planthemmet.se\/#\/schema\/logo\/image\/\",\"url\":\"https:\/\/planthemmet.se\/wp-content\/uploads\/2022\/05\/Planthemmet-logo.png\",\"contentUrl\":\"https:\/\/planthemmet.se\/wp-content\/uploads\/2022\/05\/Planthemmet-logo.png\",\"width\":200,\"height\":200,\"caption\":\"Planthemmet\"},\"image\":{\"@id\":\"https:\/\/planthemmet.se\/#\/schema\/logo\/image\/\"},\"sameAs\":[\"https:\/\/m.facebook.com\/Planthemmet\",\"https:\/\/www.instagram.com\/planthemmet\"]}]}<\/script>\n<!-- \/ Yoast SEO plugin. -->","yoast_head_json":{"title":"Chili - Jalape\u00f1o M - Planthemmet","robots":{"index":"index","follow":"follow","max-snippet":"max-snippet:-1","max-image-preview":"max-image-preview:large","max-video-preview":"max-video-preview:-1"},"canonical":"https:\/\/planthemmet.se\/index.php\/produkt\/chili-jalapeno-m\/","og_locale":"sv_SE","og_type":"article","og_title":"Chili - Jalape\u00f1o M - Planthemmet","og_description":"Caspicum annuum F\u00f6rkultiveras 35st fr\u00f6n i fin f\u00f6rpackning med b\u00e5de kuriosa och instruktioner","og_url":"https:\/\/planthemmet.se\/index.php\/produkt\/chili-jalapeno-m\/","og_site_name":"Planthemmet","article_publisher":"https:\/\/m.facebook.com\/Planthemmet","article_modified_time":"2025-09-30T14:26:47+00:00","og_image":[{"width":1200,"height":800,"url":"https:\/\/planthemmet.se\/wp-content\/uploads\/2023\/01\/PS1016_Hot_pepper_Jalapeno.jpg","type":"image\/jpeg"}],"twitter_card":"summary_large_image","twitter_misc":{"Ber\u00e4knad l\u00e4stid":"1 minut"},"schema":{"@context":"https:\/\/schema.org","@graph":[{"@type":"WebPage","@id":"https:\/\/planthemmet.se\/index.php\/produkt\/chili-jalapeno-m\/","url":"https:\/\/planthemmet.se\/index.php\/produkt\/chili-jalapeno-m\/","name":"Chili - Jalape\u00f1o M - Planthemmet","isPartOf":{"@id":"https:\/\/planthemmet.se\/#website"},"primaryImageOfPage":{"@id":"https:\/\/planthemmet.se\/index.php\/produkt\/chili-jalapeno-m\/#primaryimage"},"image":{"@id":"https:\/\/planthemmet.se\/index.php\/produkt\/chili-jalapeno-m\/#primaryimage"},"thumbnailUrl":"https:\/\/planthemmet.se\/wp-content\/uploads\/2023\/01\/PS1016_Hot_pepper_Jalapeno.jpg","datePublished":"2023-01-18T14:15:54+00:00","dateModified":"2025-09-30T14:26:47+00:00","breadcrumb":{"@id":"https:\/\/planthemmet.se\/index.php\/produkt\/chili-jalapeno-m\/#breadcrumb"},"inLanguage":"sv-SE","potentialAction":[{"@type":"ReadAction","target":["https:\/\/planthemmet.se\/index.php\/produkt\/chili-jalapeno-m\/"]}]},{"@type":"ImageObject","inLanguage":"sv-SE","@id":"https:\/\/planthemmet.se\/index.php\/produkt\/chili-jalapeno-m\/#primaryimage","url":"https:\/\/planthemmet.se\/wp-content\/uploads\/2023\/01\/PS1016_Hot_pepper_Jalapeno.jpg","contentUrl":"https:\/\/planthemmet.se\/wp-content\/uploads\/2023\/01\/PS1016_Hot_pepper_Jalapeno.jpg","width":1200,"height":800,"caption":"www.martinabarbon.com"},{"@type":"BreadcrumbList","@id":"https:\/\/planthemmet.se\/index.php\/produkt\/chili-jalapeno-m\/#breadcrumb","itemListElement":[{"@type":"ListItem","position":1,"name":"Hem","item":"https:\/\/planthemmet.se\/"},{"@type":"ListItem","position":2,"name":"Webbutik","item":"https:\/\/planthemmet.se\/index.php\/planthemmetwebbutik\/"},{"@type":"ListItem","position":3,"name":"Chili &#8211; Jalape\u00f1o M"}]},{"@type":"WebSite","@id":"https:\/\/planthemmet.se\/#website","url":"https:\/\/planthemmet.se\/","name":"Planthemmet","description":"Fannys gr\u00f6na h\u00f6rna","publisher":{"@id":"https:\/\/planthemmet.se\/#organization"},"potentialAction":[{"@type":"SearchAction","target":{"@type":"EntryPoint","urlTemplate":"https:\/\/planthemmet.se\/?s={search_term_string}"},"query-input":{"@type":"PropertyValueSpecification","valueRequired":true,"valueName":"search_term_string"}}],"inLanguage":"sv-SE"},{"@type":"Organization","@id":"https:\/\/planthemmet.se\/#organization","name":"Planthemmet","url":"https:\/\/planthemmet.se\/","logo":{"@type":"ImageObject","inLanguage":"sv-SE","@id":"https:\/\/planthemmet.se\/#\/schema\/logo\/image\/","url":"https:\/\/planthemmet.se\/wp-content\/uploads\/2022\/05\/Planthemmet-logo.png","contentUrl":"https:\/\/planthemmet.se\/wp-content\/uploads\/2022\/05\/Planthemmet-logo.png","width":200,"height":200,"caption":"Planthemmet"},"image":{"@id":"https:\/\/planthemmet.se\/#\/schema\/logo\/image\/"},"sameAs":["https:\/\/m.facebook.com\/Planthemmet","https:\/\/www.instagram.com\/planthemmet"]}]}},"jetpack_sharing_enabled":true,"_links":{"self":[{"href":"https:\/\/planthemmet.se\/index.php\/wp-json\/wp\/v2\/product\/1371","targetHints":{"allow":["GET"]}}],"collection":[{"href":"https:\/\/planthemmet.se\/index.php\/wp-json\/wp\/v2\/product"}],"about":[{"href":"https:\/\/planthemmet.se\/index.php\/wp-json\/wp\/v2\/types\/product"}],"replies":[{"embeddable":true,"href":"https:\/\/planthemmet.se\/index.php\/wp-json\/wp\/v2\/comments?post=1371"}],"wp:featuredmedia":[{"embeddable":true,"href":"https:\/\/planthemmet.se\/index.php\/wp-json\/wp\/v2\/media\/1324"}],"wp:attachment":[{"href":"https:\/\/planthemmet.se\/index.php\/wp-json\/wp\/v2\/media?parent=1371"}],"wp:term":[{"taxonomy":"product_brand","embeddable":true,"href":"https:\/\/planthemmet.se\/index.php\/wp-json\/wp\/v2\/product_brand?post=1371"},{"taxonomy":"product_cat","embeddable":true,"href":"https:\/\/planthemmet.se\/index.php\/wp-json\/wp\/v2\/product_cat?post=1371"},{"taxonomy":"product_tag","embeddable":true,"href":"https:\/\/planthemmet.se\/index.php\/wp-json\/wp\/v2\/product_tag?post=1371"}],"curies":[{"name":"wp","href":"https:\/\/api.w.org\/{rel}","templated":true}]}}