{"id":1067,"date":"2022-08-02T15:04:54","date_gmt":"2022-08-02T15:04:54","guid":{"rendered":"https:\/\/planthemmet.se\/?post_type=product&#038;p=1067"},"modified":"2025-09-30T15:00:24","modified_gmt":"2025-09-30T15:00:24","slug":"oceanside-sunset","status":"publish","type":"product","link":"https:\/\/planthemmet.se\/index.php\/produkt\/oceanside-sunset\/","title":{"rendered":"Oceanside sunset"},"content":{"rendered":"<p>Dessa fantastiska posters \u00e4r m\u00e5lade av William F. Powell och kommer fr\u00e5n hans m\u00e5lartidningar. Postern \u00e4r av st\u00f6rre modell och pappret \u00e4r relativt tunt med glansig yta.<\/p>\n","protected":false},"excerpt":{"rendered":"<p>Dessa fantastiska posters \u00e4r m\u00e5lade av William F. Powell och kommer fr\u00e5n hans m\u00e5lartidningar. Postern \u00e4r av st\u00f6rre modell och pappret \u00e4r relativt tunt med glansig yta.<\/p>\n","protected":false},"featured_media":1068,"comment_status":"closed","ping_status":"closed","template":"","meta":[],"product_brand":[],"product_cat":[21,56,32],"product_tag":[123,124],"class_list":{"0":"post-1067","1":"product","2":"type-product","3":"status-publish","4":"has-post-thumbnail","6":"product_cat-okategoriserad","7":"product_cat-cloudy-skies-collection","8":"product_cat-rea-varor","9":"product_tag-allaposters","10":"product_tag-cloudyskiesposters","11":"product_shipping_class-frakt-liten","12":"sales-flash-overlay","13":"woocommerce-text-align-center","14":"woocommerce-image-align-center","15":"do-quantity-buttons","16":"wc-has-gallery","18":"first","19":"instock","20":"sale","21":"taxable","22":"shipping-taxable","23":"purchasable","24":"product-type-simple"},"yoast_head":"<!-- This site is optimized with the Yoast SEO plugin v27.4 - https:\/\/yoast.com\/product\/yoast-seo-wordpress\/ -->\n<title>Oceanside sunset - Planthemmet<\/title>\n<meta name=\"robots\" content=\"index, follow, max-snippet:-1, max-image-preview:large, max-video-preview:-1\" \/>\n<link rel=\"canonical\" href=\"https:\/\/planthemmet.se\/index.php\/produkt\/oceanside-sunset\/\" \/>\n<meta property=\"og:locale\" content=\"sv_SE\" \/>\n<meta property=\"og:type\" content=\"article\" \/>\n<meta property=\"og:title\" content=\"Oceanside sunset - Planthemmet\" \/>\n<meta property=\"og:description\" content=\"Dessa fantastiska posters \u00e4r m\u00e5lade av William F. Powell och kommer fr\u00e5n hans m\u00e5lartidningar. Postern \u00e4r av st\u00f6rre modell och pappret \u00e4r relativt tunt med glansig yta.\" \/>\n<meta property=\"og:url\" content=\"https:\/\/planthemmet.se\/index.php\/produkt\/oceanside-sunset\/\" \/>\n<meta property=\"og:site_name\" content=\"Planthemmet\" \/>\n<meta property=\"article:publisher\" content=\"https:\/\/m.facebook.com\/Planthemmet\" \/>\n<meta property=\"article:modified_time\" content=\"2025-09-30T15:00:24+00:00\" \/>\n<meta property=\"og:image\" content=\"https:\/\/planthemmet.se\/wp-content\/uploads\/2022\/08\/WhatsApp-Image-2022-08-02-at-16.45.05-15.jpeg\" \/>\n\t<meta property=\"og:image:width\" content=\"768\" \/>\n\t<meta property=\"og:image:height\" content=\"1024\" \/>\n\t<meta property=\"og:image:type\" content=\"image\/jpeg\" \/>\n<meta name=\"twitter:card\" content=\"summary_large_image\" \/>\n<meta name=\"twitter:label1\" content=\"Ber\u00e4knad l\u00e4stid\" \/>\n\t<meta name=\"twitter:data1\" content=\"1 minut\" \/>\n<script type=\"application\/ld+json\" class=\"yoast-schema-graph\">{\"@context\":\"https:\\\/\\\/schema.org\",\"@graph\":[{\"@type\":\"WebPage\",\"@id\":\"https:\\\/\\\/planthemmet.se\\\/index.php\\\/produkt\\\/oceanside-sunset\\\/\",\"url\":\"https:\\\/\\\/planthemmet.se\\\/index.php\\\/produkt\\\/oceanside-sunset\\\/\",\"name\":\"Oceanside sunset - Planthemmet\",\"isPartOf\":{\"@id\":\"https:\\\/\\\/planthemmet.se\\\/#website\"},\"primaryImageOfPage\":{\"@id\":\"https:\\\/\\\/planthemmet.se\\\/index.php\\\/produkt\\\/oceanside-sunset\\\/#primaryimage\"},\"image\":{\"@id\":\"https:\\\/\\\/planthemmet.se\\\/index.php\\\/produkt\\\/oceanside-sunset\\\/#primaryimage\"},\"thumbnailUrl\":\"https:\\\/\\\/planthemmet.se\\\/wp-content\\\/uploads\\\/2022\\\/08\\\/WhatsApp-Image-2022-08-02-at-16.45.05-15.jpeg\",\"datePublished\":\"2022-08-02T15:04:54+00:00\",\"dateModified\":\"2025-09-30T15:00:24+00:00\",\"breadcrumb\":{\"@id\":\"https:\\\/\\\/planthemmet.se\\\/index.php\\\/produkt\\\/oceanside-sunset\\\/#breadcrumb\"},\"inLanguage\":\"sv-SE\",\"potentialAction\":[{\"@type\":\"ReadAction\",\"target\":[\"https:\\\/\\\/planthemmet.se\\\/index.php\\\/produkt\\\/oceanside-sunset\\\/\"]}]},{\"@type\":\"ImageObject\",\"inLanguage\":\"sv-SE\",\"@id\":\"https:\\\/\\\/planthemmet.se\\\/index.php\\\/produkt\\\/oceanside-sunset\\\/#primaryimage\",\"url\":\"https:\\\/\\\/planthemmet.se\\\/wp-content\\\/uploads\\\/2022\\\/08\\\/WhatsApp-Image-2022-08-02-at-16.45.05-15.jpeg\",\"contentUrl\":\"https:\\\/\\\/planthemmet.se\\\/wp-content\\\/uploads\\\/2022\\\/08\\\/WhatsApp-Image-2022-08-02-at-16.45.05-15.jpeg\",\"width\":768,\"height\":1024},{\"@type\":\"BreadcrumbList\",\"@id\":\"https:\\\/\\\/planthemmet.se\\\/index.php\\\/produkt\\\/oceanside-sunset\\\/#breadcrumb\",\"itemListElement\":[{\"@type\":\"ListItem\",\"position\":1,\"name\":\"Hem\",\"item\":\"https:\\\/\\\/planthemmet.se\\\/\"},{\"@type\":\"ListItem\",\"position\":2,\"name\":\"Webbutik\",\"item\":\"https:\\\/\\\/planthemmet.se\\\/index.php\\\/planthemmetwebbutik\\\/\"},{\"@type\":\"ListItem\",\"position\":3,\"name\":\"Oceanside sunset\"}]},{\"@type\":\"WebSite\",\"@id\":\"https:\\\/\\\/planthemmet.se\\\/#website\",\"url\":\"https:\\\/\\\/planthemmet.se\\\/\",\"name\":\"Planthemmet\",\"description\":\"Fannys gr\u00f6na h\u00f6rna\",\"publisher\":{\"@id\":\"https:\\\/\\\/planthemmet.se\\\/#organization\"},\"potentialAction\":[{\"@type\":\"SearchAction\",\"target\":{\"@type\":\"EntryPoint\",\"urlTemplate\":\"https:\\\/\\\/planthemmet.se\\\/?s={search_term_string}\"},\"query-input\":{\"@type\":\"PropertyValueSpecification\",\"valueRequired\":true,\"valueName\":\"search_term_string\"}}],\"inLanguage\":\"sv-SE\"},{\"@type\":\"Organization\",\"@id\":\"https:\\\/\\\/planthemmet.se\\\/#organization\",\"name\":\"Planthemmet\",\"url\":\"https:\\\/\\\/planthemmet.se\\\/\",\"logo\":{\"@type\":\"ImageObject\",\"inLanguage\":\"sv-SE\",\"@id\":\"https:\\\/\\\/planthemmet.se\\\/#\\\/schema\\\/logo\\\/image\\\/\",\"url\":\"https:\\\/\\\/planthemmet.se\\\/wp-content\\\/uploads\\\/2022\\\/05\\\/Planthemmet-logo.png\",\"contentUrl\":\"https:\\\/\\\/planthemmet.se\\\/wp-content\\\/uploads\\\/2022\\\/05\\\/Planthemmet-logo.png\",\"width\":200,\"height\":200,\"caption\":\"Planthemmet\"},\"image\":{\"@id\":\"https:\\\/\\\/planthemmet.se\\\/#\\\/schema\\\/logo\\\/image\\\/\"},\"sameAs\":[\"https:\\\/\\\/m.facebook.com\\\/Planthemmet\",\"https:\\\/\\\/www.instagram.com\\\/planthemmet\"]}]}<\/script>\n<!-- \/ Yoast SEO plugin. -->","yoast_head_json":{"title":"Oceanside sunset - Planthemmet","robots":{"index":"index","follow":"follow","max-snippet":"max-snippet:-1","max-image-preview":"max-image-preview:large","max-video-preview":"max-video-preview:-1"},"canonical":"https:\/\/planthemmet.se\/index.php\/produkt\/oceanside-sunset\/","og_locale":"sv_SE","og_type":"article","og_title":"Oceanside sunset - Planthemmet","og_description":"Dessa fantastiska posters \u00e4r m\u00e5lade av William F. Powell och kommer fr\u00e5n hans m\u00e5lartidningar. Postern \u00e4r av st\u00f6rre modell och pappret \u00e4r relativt tunt med glansig yta.","og_url":"https:\/\/planthemmet.se\/index.php\/produkt\/oceanside-sunset\/","og_site_name":"Planthemmet","article_publisher":"https:\/\/m.facebook.com\/Planthemmet","article_modified_time":"2025-09-30T15:00:24+00:00","og_image":[{"width":768,"height":1024,"url":"https:\/\/planthemmet.se\/wp-content\/uploads\/2022\/08\/WhatsApp-Image-2022-08-02-at-16.45.05-15.jpeg","type":"image\/jpeg"}],"twitter_card":"summary_large_image","twitter_misc":{"Ber\u00e4knad l\u00e4stid":"1 minut"},"schema":{"@context":"https:\/\/schema.org","@graph":[{"@type":"WebPage","@id":"https:\/\/planthemmet.se\/index.php\/produkt\/oceanside-sunset\/","url":"https:\/\/planthemmet.se\/index.php\/produkt\/oceanside-sunset\/","name":"Oceanside sunset - Planthemmet","isPartOf":{"@id":"https:\/\/planthemmet.se\/#website"},"primaryImageOfPage":{"@id":"https:\/\/planthemmet.se\/index.php\/produkt\/oceanside-sunset\/#primaryimage"},"image":{"@id":"https:\/\/planthemmet.se\/index.php\/produkt\/oceanside-sunset\/#primaryimage"},"thumbnailUrl":"https:\/\/planthemmet.se\/wp-content\/uploads\/2022\/08\/WhatsApp-Image-2022-08-02-at-16.45.05-15.jpeg","datePublished":"2022-08-02T15:04:54+00:00","dateModified":"2025-09-30T15:00:24+00:00","breadcrumb":{"@id":"https:\/\/planthemmet.se\/index.php\/produkt\/oceanside-sunset\/#breadcrumb"},"inLanguage":"sv-SE","potentialAction":[{"@type":"ReadAction","target":["https:\/\/planthemmet.se\/index.php\/produkt\/oceanside-sunset\/"]}]},{"@type":"ImageObject","inLanguage":"sv-SE","@id":"https:\/\/planthemmet.se\/index.php\/produkt\/oceanside-sunset\/#primaryimage","url":"https:\/\/planthemmet.se\/wp-content\/uploads\/2022\/08\/WhatsApp-Image-2022-08-02-at-16.45.05-15.jpeg","contentUrl":"https:\/\/planthemmet.se\/wp-content\/uploads\/2022\/08\/WhatsApp-Image-2022-08-02-at-16.45.05-15.jpeg","width":768,"height":1024},{"@type":"BreadcrumbList","@id":"https:\/\/planthemmet.se\/index.php\/produkt\/oceanside-sunset\/#breadcrumb","itemListElement":[{"@type":"ListItem","position":1,"name":"Hem","item":"https:\/\/planthemmet.se\/"},{"@type":"ListItem","position":2,"name":"Webbutik","item":"https:\/\/planthemmet.se\/index.php\/planthemmetwebbutik\/"},{"@type":"ListItem","position":3,"name":"Oceanside sunset"}]},{"@type":"WebSite","@id":"https:\/\/planthemmet.se\/#website","url":"https:\/\/planthemmet.se\/","name":"Planthemmet","description":"Fannys gr\u00f6na h\u00f6rna","publisher":{"@id":"https:\/\/planthemmet.se\/#organization"},"potentialAction":[{"@type":"SearchAction","target":{"@type":"EntryPoint","urlTemplate":"https:\/\/planthemmet.se\/?s={search_term_string}"},"query-input":{"@type":"PropertyValueSpecification","valueRequired":true,"valueName":"search_term_string"}}],"inLanguage":"sv-SE"},{"@type":"Organization","@id":"https:\/\/planthemmet.se\/#organization","name":"Planthemmet","url":"https:\/\/planthemmet.se\/","logo":{"@type":"ImageObject","inLanguage":"sv-SE","@id":"https:\/\/planthemmet.se\/#\/schema\/logo\/image\/","url":"https:\/\/planthemmet.se\/wp-content\/uploads\/2022\/05\/Planthemmet-logo.png","contentUrl":"https:\/\/planthemmet.se\/wp-content\/uploads\/2022\/05\/Planthemmet-logo.png","width":200,"height":200,"caption":"Planthemmet"},"image":{"@id":"https:\/\/planthemmet.se\/#\/schema\/logo\/image\/"},"sameAs":["https:\/\/m.facebook.com\/Planthemmet","https:\/\/www.instagram.com\/planthemmet"]}]}},"jetpack_sharing_enabled":true,"_links":{"self":[{"href":"https:\/\/planthemmet.se\/index.php\/wp-json\/wp\/v2\/product\/1067","targetHints":{"allow":["GET"]}}],"collection":[{"href":"https:\/\/planthemmet.se\/index.php\/wp-json\/wp\/v2\/product"}],"about":[{"href":"https:\/\/planthemmet.se\/index.php\/wp-json\/wp\/v2\/types\/product"}],"replies":[{"embeddable":true,"href":"https:\/\/planthemmet.se\/index.php\/wp-json\/wp\/v2\/comments?post=1067"}],"wp:featuredmedia":[{"embeddable":true,"href":"https:\/\/planthemmet.se\/index.php\/wp-json\/wp\/v2\/media\/1068"}],"wp:attachment":[{"href":"https:\/\/planthemmet.se\/index.php\/wp-json\/wp\/v2\/media?parent=1067"}],"wp:term":[{"taxonomy":"product_brand","embeddable":true,"href":"https:\/\/planthemmet.se\/index.php\/wp-json\/wp\/v2\/product_brand?post=1067"},{"taxonomy":"product_cat","embeddable":true,"href":"https:\/\/planthemmet.se\/index.php\/wp-json\/wp\/v2\/product_cat?post=1067"},{"taxonomy":"product_tag","embeddable":true,"href":"https:\/\/planthemmet.se\/index.php\/wp-json\/wp\/v2\/product_tag?post=1067"}],"curies":[{"name":"wp","href":"https:\/\/api.w.org\/{rel}","templated":true}]}}