{"id":1030,"date":"2022-07-03T20:07:36","date_gmt":"2022-07-03T20:07:36","guid":{"rendered":"https:\/\/planthemmet.se\/index.php\/produkt\/neem-olja-30ml\/"},"modified":"2025-11-20T20:47:22","modified_gmt":"2025-11-20T20:47:22","slug":"neem-olja-30ml","status":"publish","type":"product","link":"https:\/\/planthemmet.se\/index.php\/produkt\/neem-olja-30ml\/","title":{"rendered":"Neem olja 30ml"},"content":{"rendered":"<p>En olja utvunnen ur nimtr\u00e4det f\u00f6r helt naturlig och ofarlig bek\u00e4mpning av bland annat trips, bladl\u00f6ss, utl\u00f6sa, spinn, vita flygare, sk\u00f6ldl\u00f6ss med flera. Ej giftig f\u00f6r m\u00e4nniskor eller djur i sm\u00e5 m\u00e4ngder s\u00e5 inga problem att behandla om du har lurviga sm\u00e5 v\u00e4nner hemma.<\/p>\n<p>Oljan \u00e4r 100% neem och ska sp\u00e4das f\u00f6r b\u00e4sta effekt. Sp\u00e4d 10 droppar i 500ml ljummet vatten och 1 tsk s\u00e5pa. Medlet \u00e4r direkt verkande och m\u00e5ste tr\u00e4ffa ohyran f\u00f6r att f\u00e5 effekt. Behandla med 10 dagars mellanrum och undvik stark sol under behandlings dagarna. Beroende p\u00e5 hur stort angreppet \u00e4r s\u00e5 kan behandlingen beh\u00f6va upprepas.<\/p>\n<p>Skickas i fin glasflaska med pimpett f\u00f6r enkel och smidig applicering. Oljan stelnar normalt i rumstemperatur och kan enkelt v\u00e4rmas upp genom att rulla flaskan mellan h\u00e4nderna eller l\u00e4gga i ljummet vattenbad.<\/p>\n","protected":false},"excerpt":{"rendered":"<p>En olja utvunnen ur nimtr\u00e4det f\u00f6r helt naturlig och ofarlig bek\u00e4mpning av bland annat trips, bladl\u00f6ss, utl\u00f6sa, spinn, vita flygare, sk\u00f6ldl\u00f6ss med flera. Ej giftig f\u00f6r m\u00e4nniskor eller djur i sm\u00e5 m\u00e4ngder s\u00e5 inga problem att behandla om du har lurviga sm\u00e5 v\u00e4nner hemma. Oljan \u00e4r 100% neem och ska sp\u00e4das f\u00f6r b\u00e4sta effekt. Sp\u00e4d &#8230; <a title=\"Neem olja 30ml\" class=\"read-more\" href=\"https:\/\/planthemmet.se\/index.php\/produkt\/neem-olja-30ml\/\" aria-label=\"L\u00e4s mer om Neem olja 30ml\">L\u00e4s mer<\/a><\/p>\n","protected":false},"featured_media":1029,"comment_status":"open","ping_status":"closed","template":"","meta":[],"product_brand":[],"product_cat":[21],"product_tag":[126],"class_list":{"0":"post-1030","1":"product","2":"type-product","3":"status-publish","4":"has-post-thumbnail","6":"product_cat-okategoriserad","7":"product_tag-vaxttilbehor","8":"product_shipping_class-frakt-liten-sparbart","9":"sales-flash-overlay","10":"woocommerce-text-align-center","11":"woocommerce-image-align-center","12":"do-quantity-buttons","13":"wc-has-gallery","15":"first","16":"instock","17":"taxable","18":"shipping-taxable","19":"purchasable","20":"product-type-simple"},"yoast_head":"<!-- This site is optimized with the Yoast SEO plugin v27.4 - https:\/\/yoast.com\/product\/yoast-seo-wordpress\/ -->\n<title>Neem olja 30ml - Planthemmet<\/title>\n<meta name=\"description\" content=\"Naturligt bek\u00e4mpningsmedel som bek\u00e4mpar bland annat trips, bladl\u00f6ss, spinn m.m. Bek\u00e4mpa dina v\u00e4xter naturligt och ta vara p\u00e5 milj\u00f6n!\" \/>\n<meta name=\"robots\" content=\"index, follow, max-snippet:-1, max-image-preview:large, max-video-preview:-1\" \/>\n<link rel=\"canonical\" href=\"https:\/\/planthemmet.se\/index.php\/produkt\/neem-olja-30ml\/\" \/>\n<meta property=\"og:locale\" content=\"sv_SE\" \/>\n<meta property=\"og:type\" content=\"article\" \/>\n<meta property=\"og:title\" content=\"Neem olja 30ml - Planthemmet\" \/>\n<meta property=\"og:description\" content=\"Naturligt bek\u00e4mpningsmedel som bek\u00e4mpar bland annat trips, bladl\u00f6ss, spinn m.m. Bek\u00e4mpa dina v\u00e4xter naturligt och ta vara p\u00e5 milj\u00f6n!\" \/>\n<meta property=\"og:url\" content=\"https:\/\/planthemmet.se\/index.php\/produkt\/neem-olja-30ml\/\" \/>\n<meta property=\"og:site_name\" content=\"Planthemmet\" \/>\n<meta property=\"article:publisher\" content=\"https:\/\/m.facebook.com\/Planthemmet\" \/>\n<meta property=\"article:modified_time\" content=\"2025-11-20T20:47:22+00:00\" \/>\n<meta property=\"og:image\" content=\"https:\/\/planthemmet.se\/wp-content\/uploads\/2022\/07\/img_4462-scaled.jpeg\" \/>\n\t<meta property=\"og:image:width\" content=\"1920\" \/>\n\t<meta property=\"og:image:height\" content=\"2560\" \/>\n\t<meta property=\"og:image:type\" content=\"image\/jpeg\" \/>\n<meta name=\"twitter:card\" content=\"summary_large_image\" \/>\n<meta name=\"twitter:label1\" content=\"Ber\u00e4knad l\u00e4stid\" \/>\n\t<meta name=\"twitter:data1\" content=\"1 minut\" \/>\n<script type=\"application\/ld+json\" class=\"yoast-schema-graph\">{\"@context\":\"https:\\\/\\\/schema.org\",\"@graph\":[{\"@type\":\"WebPage\",\"@id\":\"https:\\\/\\\/planthemmet.se\\\/index.php\\\/produkt\\\/neem-olja-30ml\\\/\",\"url\":\"https:\\\/\\\/planthemmet.se\\\/index.php\\\/produkt\\\/neem-olja-30ml\\\/\",\"name\":\"Neem olja 30ml - Planthemmet\",\"isPartOf\":{\"@id\":\"https:\\\/\\\/planthemmet.se\\\/#website\"},\"primaryImageOfPage\":{\"@id\":\"https:\\\/\\\/planthemmet.se\\\/index.php\\\/produkt\\\/neem-olja-30ml\\\/#primaryimage\"},\"image\":{\"@id\":\"https:\\\/\\\/planthemmet.se\\\/index.php\\\/produkt\\\/neem-olja-30ml\\\/#primaryimage\"},\"thumbnailUrl\":\"https:\\\/\\\/planthemmet.se\\\/wp-content\\\/uploads\\\/2022\\\/07\\\/img_4462-scaled.jpeg\",\"datePublished\":\"2022-07-03T20:07:36+00:00\",\"dateModified\":\"2025-11-20T20:47:22+00:00\",\"description\":\"Naturligt bek\u00e4mpningsmedel som bek\u00e4mpar bland annat trips, bladl\u00f6ss, spinn m.m. Bek\u00e4mpa dina v\u00e4xter naturligt och ta vara p\u00e5 milj\u00f6n!\",\"breadcrumb\":{\"@id\":\"https:\\\/\\\/planthemmet.se\\\/index.php\\\/produkt\\\/neem-olja-30ml\\\/#breadcrumb\"},\"inLanguage\":\"sv-SE\",\"potentialAction\":[{\"@type\":\"ReadAction\",\"target\":[\"https:\\\/\\\/planthemmet.se\\\/index.php\\\/produkt\\\/neem-olja-30ml\\\/\"]}]},{\"@type\":\"ImageObject\",\"inLanguage\":\"sv-SE\",\"@id\":\"https:\\\/\\\/planthemmet.se\\\/index.php\\\/produkt\\\/neem-olja-30ml\\\/#primaryimage\",\"url\":\"https:\\\/\\\/planthemmet.se\\\/wp-content\\\/uploads\\\/2022\\\/07\\\/img_4462-scaled.jpeg\",\"contentUrl\":\"https:\\\/\\\/planthemmet.se\\\/wp-content\\\/uploads\\\/2022\\\/07\\\/img_4462-scaled.jpeg\",\"width\":1920,\"height\":2560},{\"@type\":\"BreadcrumbList\",\"@id\":\"https:\\\/\\\/planthemmet.se\\\/index.php\\\/produkt\\\/neem-olja-30ml\\\/#breadcrumb\",\"itemListElement\":[{\"@type\":\"ListItem\",\"position\":1,\"name\":\"Hem\",\"item\":\"https:\\\/\\\/planthemmet.se\\\/\"},{\"@type\":\"ListItem\",\"position\":2,\"name\":\"Webbutik\",\"item\":\"https:\\\/\\\/planthemmet.se\\\/index.php\\\/planthemmetwebbutik\\\/\"},{\"@type\":\"ListItem\",\"position\":3,\"name\":\"Neem olja 30ml\"}]},{\"@type\":\"WebSite\",\"@id\":\"https:\\\/\\\/planthemmet.se\\\/#website\",\"url\":\"https:\\\/\\\/planthemmet.se\\\/\",\"name\":\"Planthemmet\",\"description\":\"Fannys gr\u00f6na h\u00f6rna\",\"publisher\":{\"@id\":\"https:\\\/\\\/planthemmet.se\\\/#organization\"},\"potentialAction\":[{\"@type\":\"SearchAction\",\"target\":{\"@type\":\"EntryPoint\",\"urlTemplate\":\"https:\\\/\\\/planthemmet.se\\\/?s={search_term_string}\"},\"query-input\":{\"@type\":\"PropertyValueSpecification\",\"valueRequired\":true,\"valueName\":\"search_term_string\"}}],\"inLanguage\":\"sv-SE\"},{\"@type\":\"Organization\",\"@id\":\"https:\\\/\\\/planthemmet.se\\\/#organization\",\"name\":\"Planthemmet\",\"url\":\"https:\\\/\\\/planthemmet.se\\\/\",\"logo\":{\"@type\":\"ImageObject\",\"inLanguage\":\"sv-SE\",\"@id\":\"https:\\\/\\\/planthemmet.se\\\/#\\\/schema\\\/logo\\\/image\\\/\",\"url\":\"https:\\\/\\\/planthemmet.se\\\/wp-content\\\/uploads\\\/2022\\\/05\\\/Planthemmet-logo.png\",\"contentUrl\":\"https:\\\/\\\/planthemmet.se\\\/wp-content\\\/uploads\\\/2022\\\/05\\\/Planthemmet-logo.png\",\"width\":200,\"height\":200,\"caption\":\"Planthemmet\"},\"image\":{\"@id\":\"https:\\\/\\\/planthemmet.se\\\/#\\\/schema\\\/logo\\\/image\\\/\"},\"sameAs\":[\"https:\\\/\\\/m.facebook.com\\\/Planthemmet\",\"https:\\\/\\\/www.instagram.com\\\/planthemmet\"]}]}<\/script>\n<!-- \/ Yoast SEO plugin. -->","yoast_head_json":{"title":"Neem olja 30ml - Planthemmet","description":"Naturligt bek\u00e4mpningsmedel som bek\u00e4mpar bland annat trips, bladl\u00f6ss, spinn m.m. Bek\u00e4mpa dina v\u00e4xter naturligt och ta vara p\u00e5 milj\u00f6n!","robots":{"index":"index","follow":"follow","max-snippet":"max-snippet:-1","max-image-preview":"max-image-preview:large","max-video-preview":"max-video-preview:-1"},"canonical":"https:\/\/planthemmet.se\/index.php\/produkt\/neem-olja-30ml\/","og_locale":"sv_SE","og_type":"article","og_title":"Neem olja 30ml - Planthemmet","og_description":"Naturligt bek\u00e4mpningsmedel som bek\u00e4mpar bland annat trips, bladl\u00f6ss, spinn m.m. Bek\u00e4mpa dina v\u00e4xter naturligt och ta vara p\u00e5 milj\u00f6n!","og_url":"https:\/\/planthemmet.se\/index.php\/produkt\/neem-olja-30ml\/","og_site_name":"Planthemmet","article_publisher":"https:\/\/m.facebook.com\/Planthemmet","article_modified_time":"2025-11-20T20:47:22+00:00","og_image":[{"width":1920,"height":2560,"url":"https:\/\/planthemmet.se\/wp-content\/uploads\/2022\/07\/img_4462-scaled.jpeg","type":"image\/jpeg"}],"twitter_card":"summary_large_image","twitter_misc":{"Ber\u00e4knad l\u00e4stid":"1 minut"},"schema":{"@context":"https:\/\/schema.org","@graph":[{"@type":"WebPage","@id":"https:\/\/planthemmet.se\/index.php\/produkt\/neem-olja-30ml\/","url":"https:\/\/planthemmet.se\/index.php\/produkt\/neem-olja-30ml\/","name":"Neem olja 30ml - Planthemmet","isPartOf":{"@id":"https:\/\/planthemmet.se\/#website"},"primaryImageOfPage":{"@id":"https:\/\/planthemmet.se\/index.php\/produkt\/neem-olja-30ml\/#primaryimage"},"image":{"@id":"https:\/\/planthemmet.se\/index.php\/produkt\/neem-olja-30ml\/#primaryimage"},"thumbnailUrl":"https:\/\/planthemmet.se\/wp-content\/uploads\/2022\/07\/img_4462-scaled.jpeg","datePublished":"2022-07-03T20:07:36+00:00","dateModified":"2025-11-20T20:47:22+00:00","description":"Naturligt bek\u00e4mpningsmedel som bek\u00e4mpar bland annat trips, bladl\u00f6ss, spinn m.m. Bek\u00e4mpa dina v\u00e4xter naturligt och ta vara p\u00e5 milj\u00f6n!","breadcrumb":{"@id":"https:\/\/planthemmet.se\/index.php\/produkt\/neem-olja-30ml\/#breadcrumb"},"inLanguage":"sv-SE","potentialAction":[{"@type":"ReadAction","target":["https:\/\/planthemmet.se\/index.php\/produkt\/neem-olja-30ml\/"]}]},{"@type":"ImageObject","inLanguage":"sv-SE","@id":"https:\/\/planthemmet.se\/index.php\/produkt\/neem-olja-30ml\/#primaryimage","url":"https:\/\/planthemmet.se\/wp-content\/uploads\/2022\/07\/img_4462-scaled.jpeg","contentUrl":"https:\/\/planthemmet.se\/wp-content\/uploads\/2022\/07\/img_4462-scaled.jpeg","width":1920,"height":2560},{"@type":"BreadcrumbList","@id":"https:\/\/planthemmet.se\/index.php\/produkt\/neem-olja-30ml\/#breadcrumb","itemListElement":[{"@type":"ListItem","position":1,"name":"Hem","item":"https:\/\/planthemmet.se\/"},{"@type":"ListItem","position":2,"name":"Webbutik","item":"https:\/\/planthemmet.se\/index.php\/planthemmetwebbutik\/"},{"@type":"ListItem","position":3,"name":"Neem olja 30ml"}]},{"@type":"WebSite","@id":"https:\/\/planthemmet.se\/#website","url":"https:\/\/planthemmet.se\/","name":"Planthemmet","description":"Fannys gr\u00f6na h\u00f6rna","publisher":{"@id":"https:\/\/planthemmet.se\/#organization"},"potentialAction":[{"@type":"SearchAction","target":{"@type":"EntryPoint","urlTemplate":"https:\/\/planthemmet.se\/?s={search_term_string}"},"query-input":{"@type":"PropertyValueSpecification","valueRequired":true,"valueName":"search_term_string"}}],"inLanguage":"sv-SE"},{"@type":"Organization","@id":"https:\/\/planthemmet.se\/#organization","name":"Planthemmet","url":"https:\/\/planthemmet.se\/","logo":{"@type":"ImageObject","inLanguage":"sv-SE","@id":"https:\/\/planthemmet.se\/#\/schema\/logo\/image\/","url":"https:\/\/planthemmet.se\/wp-content\/uploads\/2022\/05\/Planthemmet-logo.png","contentUrl":"https:\/\/planthemmet.se\/wp-content\/uploads\/2022\/05\/Planthemmet-logo.png","width":200,"height":200,"caption":"Planthemmet"},"image":{"@id":"https:\/\/planthemmet.se\/#\/schema\/logo\/image\/"},"sameAs":["https:\/\/m.facebook.com\/Planthemmet","https:\/\/www.instagram.com\/planthemmet"]}]}},"jetpack_sharing_enabled":true,"_links":{"self":[{"href":"https:\/\/planthemmet.se\/index.php\/wp-json\/wp\/v2\/product\/1030","targetHints":{"allow":["GET"]}}],"collection":[{"href":"https:\/\/planthemmet.se\/index.php\/wp-json\/wp\/v2\/product"}],"about":[{"href":"https:\/\/planthemmet.se\/index.php\/wp-json\/wp\/v2\/types\/product"}],"replies":[{"embeddable":true,"href":"https:\/\/planthemmet.se\/index.php\/wp-json\/wp\/v2\/comments?post=1030"}],"wp:featuredmedia":[{"embeddable":true,"href":"https:\/\/planthemmet.se\/index.php\/wp-json\/wp\/v2\/media\/1029"}],"wp:attachment":[{"href":"https:\/\/planthemmet.se\/index.php\/wp-json\/wp\/v2\/media?parent=1030"}],"wp:term":[{"taxonomy":"product_brand","embeddable":true,"href":"https:\/\/planthemmet.se\/index.php\/wp-json\/wp\/v2\/product_brand?post=1030"},{"taxonomy":"product_cat","embeddable":true,"href":"https:\/\/planthemmet.se\/index.php\/wp-json\/wp\/v2\/product_cat?post=1030"},{"taxonomy":"product_tag","embeddable":true,"href":"https:\/\/planthemmet.se\/index.php\/wp-json\/wp\/v2\/product_tag?post=1030"}],"curies":[{"name":"wp","href":"https:\/\/api.w.org\/{rel}","templated":true}]}}