{"id":82,"date":"2022-02-08T14:01:36","date_gmt":"2022-02-08T14:01:36","guid":{"rendered":"https:\/\/planthemmet.se\/?page_id=82"},"modified":"2022-12-20T16:23:33","modified_gmt":"2022-12-20T16:23:33","slug":"om-planthemmet-2","status":"publish","type":"page","link":"https:\/\/planthemmet.se\/index.php\/om-planthemmet-2\/","title":{"rendered":"Om Planthemmet"},"content":{"rendered":"\n\n\t\t\t\t\t\t\t\t\t<img loading=\"lazy\" decoding=\"async\" src=\"https:\/\/planthemmet.se\/wp-content\/uploads\/bb-plugin\/cache\/IMG_1329-scaled-e1644410890702-circle.jpg\" alt=\"Hej! Kul att just du har hittat hit! Fanny Oskarsson heter jag och jag \u00e4r personen bakom Planthemmet. Jag jobbar i dagsl\u00e4get som florist p\u00e5 en mysig handelstr\u00e4dg\u00e5rd i K\u00e5lltorp och \u00e4r bosatt i G\u00f6teborgs omr\u00e5det. Har utbildning inom floristik, handels och en kurs i tr\u00e4dg\u00e5rdsanl\u00e4ggning. Se mer av mina floristiska arbeten l\u00e4ngre ner p\u00e5 denna sidan. S\u00e5 l\u00e5t dig inspireras och hoppas ni gillar hemsidan!\nH\u00e4lsningar Fanny\" itemprop=\"image\" height=\"2233\" width=\"1920\" title=\"IMG_1329\" onerror=\"this.style.display='none'\"  \/>\n\t\t\t\t\t\t\t\t\t\t\tHej! Kul att just du har hittat hit! Fanny Oskarsson heter jag och jag \u00e4r personen bakom Planthemmet. Jag jobbar i dagsl\u00e4get som florist p\u00e5 en mysig handelstr\u00e4dg\u00e5rd i K\u00e5lltorp och \u00e4r bosatt i G\u00f6teborgs omr\u00e5det. Har utbildning inom floristik, handels och en kurs i tr\u00e4dg\u00e5rdsanl\u00e4ggning. Se mer av mina floristiska arbeten l\u00e4ngre ner p\u00e5 denna sidan. S\u00e5 l\u00e5t dig inspireras och hoppas ni gillar hemsidan!\nH\u00e4lsningar Fanny\n\t\t<h1>\n\t\t\tOm Planthemmet\n\t\t<\/h1>\n\t\t\t<p>Vad \u00e4r Planthemmet? Den fr\u00e5gan st\u00e4lldes ett flertalet g\u00e5nger innan jag avsl\u00f6jade detta. Ville f\u00f6rst och fr\u00e4mst l\u00e4gga fokuset p\u00e5 mina v\u00e4xter och inte mig sj\u00e4lv. Som v\u00e4xtgalen, eller snarare v\u00e4xtn\u00f6rd till florist, k\u00e4nde jag ett behov att dela med mig av all kunskap jag f\u00e5tt genom \u00e5ren.\u00a0En av de vanligaste kommentarerna jag f\u00e5r n\u00e4r folk f\u00f6rklarar varf\u00f6r de inte gillar v\u00e4xter, \u00e4r: &#8221;Jag har inga gr\u00f6na fingrar&#8221; eller &#8221;Jag kan inte sk\u00f6ta v\u00e4xter, allt bara d\u00f6r&#8221;. S\u00e5 d\u00e4rf\u00f6r kom jag p\u00e5 Planthemmets instagram &#8211;\u00a0 en sida med l\u00e4ttillg\u00e4nglig information, r\u00e5d och tips om v\u00e4xter f\u00f6r att hj\u00e4lpa dig med dina v\u00e4xtproblem.<\/p>\t\t\n\t\t<h1>\n\t\t\tWebbutiken\n\t\t<\/h1>\n\t\t\t<p>Planthemmets egna webbplats drog jag ig\u00e5ng av bara farten n\u00e4r jag b\u00f6rjade att s\u00e4lja mina posters. Id\u00e9n utvecklades sedan till en webbplats f\u00f6r att n\u00e5 \u00e4nnu flera med b\u00e5de mina posters och v\u00e4xttips. Dr\u00f6mmen om en egen butik\/loppis\/caf\u00e9 \u00e4r just nu lite l\u00e4ngre bort men alla dr\u00f6mmar b\u00f6rjar n\u00e5gonstans och min b\u00f6rjar h\u00e4r &#8211; med Planthemmet och den lilla lilla nya webbutiken. H\u00e4r kommer mina posters att s\u00e4ljas och som loppis\u00e4lskare s\u00e5 kommer jag \u00e4ven s\u00e5 sm\u00e5ningom s\u00e4lja begagnade posters. &#8221;Varf\u00f6r det&#8221; t\u00e4nker du?\u00a0 Har f\u00f6rst\u00e5tt behovet av att g\u00f6ra om i sin lya och tavlor\u00a0 \u00e4r n\u00e5got som jag sj\u00e4lv k\u00e4nner \u00e4r n\u00e5got man g\u00e4rna byter ut d\u00e5 och d\u00e5. En poster som suttit i en ram ett tag ser oftast inte anv\u00e4nd ut eftersom den skyddas av ramen, s\u00e5 varf\u00f6r inte s\u00e4lja vidare? Bra f\u00f6r pl\u00e5nboken och f\u00f6r milj\u00f6n!<\/p>\t\t\n\t\t<h2>\n\t\t\tAlla kan sk\u00f6ta v\u00e4xter, man m\u00e5ste bara l\u00e4ra sig de r\u00e4tta knepen\n\t\t<\/h2>\n\t\t<h2>\n\t\t\tS\u00e5 v\u00e4lkommen till Planthemmet! D\u00e4r alla v\u00e4xter f\u00e5r lite extra &#8221;spotlight&#8221; och du f\u00e5r tips som g\u00f6r att du kommer att lyckas med dina v\u00e4xter!\n\t\t<\/h2>\n\t\t\t<h3>HAR DU FR\u00c5GOR OM DINA V\u00c4XTER ELLER OM DIN ORDER? KONTAKTA MIG H\u00c4R NEDAN<\/h3>\n\t\t    <form data-form_id=\"1\" id=\"fluentform_1\" data-form_instance=\"ff_form_instance_1_1\" method=\"POST\" data-recptcha_key=\"6LfVU5MgAAAAAAIhMwz7V0If5HPnhO4IEVtku3a5\"><input type='hidden' name='__fluent_form_embded_post_id' value='82' \/><input type=\"hidden\" id=\"_fluentform_1_fluentformnonce\" name=\"_fluentform_1_fluentformnonce\" value=\"52dcef4f45\" \/><input type=\"hidden\" name=\"_wp_http_referer\" value=\"\/?page_id=82&#038;fl_builder\" \/><input type=\"text\" name=\"names[first_name]\" id=\"ff_1_names_first_name_\" placeholder=\"F\u00f6rnamn\"\/><input type=\"text\" name=\"names[last_name]\" id=\"ff_1_names_last_name_\" placeholder=\"Efternamn\"\/><input type=\"email\" name=\"email\" id=\"ff_1_email\" placeholder=\"Mejladress\" data-name=\"email\"\/><input type=\"text\" name=\"subject\" placeholder=\"\u00c4mne\" data-name=\"subject\" id=\"ff_1_subject\"\/><textarea name=\"message\" id=\"ff_1_message\" placeholder=\"Jag skulle vilja ....\" rows=\"4\" cols=\"2\" data-name=\"message\"><\/textarea><label class='ff-el-form-check-label ff_tc_label' for=gdpr-agreement_4cb46649f48c748cc6083f805d5bc6cc><input type=\"checkbox\" name=\"gdpr-agreement\" data-name=\"gdpr-agreement\" id=\"gdpr-agreement_4cb46649f48c748cc6083f805d5bc6cc\"  value='on'\/> Genom att kryssa i rutan bekr\u00e4ftar att jag l\u00e4st Planthemmets integritetspolicy och godk\u00e4nner att mina personuppgifter anv\u00e4nds i enlighet med den. Policyn hittar du <a>h\u00e4r &gt;&gt;<\/a><\/label><button type=\"submit\">Skicka<\/button><\/form>        \n\n","protected":false},"excerpt":{"rendered":"<p>Hej! Kul att just du har hittat hit! Fanny Oskarsson heter jag och jag \u00e4r personen bakom Planthemmet. Jag jobbar i dagsl\u00e4get som florist p\u00e5 en mysig handelstr\u00e4dg\u00e5rd i K\u00e5lltorp och \u00e4r bosatt i G\u00f6teborgs omr\u00e5det. Har utbildning inom floristik, handels och en kurs i tr\u00e4dg\u00e5rdsanl\u00e4ggning. Se mer av mina floristiska arbeten l\u00e4ngre ner p\u00e5 &#8230; <a title=\"Om Planthemmet\" class=\"read-more\" href=\"https:\/\/planthemmet.se\/index.php\/om-planthemmet-2\/\" aria-label=\"L\u00e4s mer om Om Planthemmet\">L\u00e4s mer<\/a><\/p>\n","protected":false},"author":2,"featured_media":0,"parent":0,"menu_order":0,"comment_status":"closed","ping_status":"closed","template":"","meta":{"footnotes":""},"class_list":["post-82","page","type-page","status-publish"],"yoast_head":"<!-- This site is optimized with the Yoast SEO plugin v27.4 - https:\/\/yoast.com\/product\/yoast-seo-wordpress\/ -->\n<title>Gr\u00f6na h\u00f6rnan sk\u00f6tsel och r\u00e5d - Planthemmet<\/title>\n<meta name=\"description\" content=\"L\u00e4s mer om min gr\u00f6na h\u00f6rna, f\u00e5 r\u00e5d, tips och gr\u00f6na fingrar f\u00f6r att lyckas med dina v\u00e4xter. Alla kan f\u00e5 gr\u00f6na fingrar och njuta av v\u00e4xter.\" \/>\n<meta name=\"robots\" content=\"index, follow, max-snippet:-1, max-image-preview:large, max-video-preview:-1\" \/>\n<link rel=\"canonical\" href=\"https:\/\/planthemmet.se\/index.php\/om-planthemmet-2\/\" \/>\n<meta property=\"og:locale\" content=\"sv_SE\" \/>\n<meta property=\"og:type\" content=\"article\" \/>\n<meta property=\"og:title\" content=\"Gr\u00f6na h\u00f6rnan sk\u00f6tsel och r\u00e5d - Planthemmet\" \/>\n<meta property=\"og:description\" content=\"L\u00e4s mer om min gr\u00f6na h\u00f6rna, f\u00e5 r\u00e5d, tips och gr\u00f6na fingrar f\u00f6r att lyckas med dina v\u00e4xter. Alla kan f\u00e5 gr\u00f6na fingrar och njuta av v\u00e4xter.\" \/>\n<meta property=\"og:url\" content=\"https:\/\/planthemmet.se\/index.php\/om-planthemmet-2\/\" \/>\n<meta property=\"og:site_name\" content=\"Planthemmet\" \/>\n<meta property=\"article:publisher\" content=\"https:\/\/m.facebook.com\/Planthemmet\" \/>\n<meta property=\"article:modified_time\" content=\"2022-12-20T16:23:33+00:00\" \/>\n<meta property=\"og:image\" content=\"https:\/\/planthemmet.se\/wp-content\/uploads\/bb-plugin\/cache\/IMG_1329-scaled-e1644410890702-circle.jpg\" \/>\n<meta name=\"twitter:card\" content=\"summary_large_image\" \/>\n<meta name=\"twitter:label1\" content=\"Ber\u00e4knad l\u00e4stid\" \/>\n\t<meta name=\"twitter:data1\" content=\"3 minuter\" \/>\n<script type=\"application\/ld+json\" class=\"yoast-schema-graph\">{\"@context\":\"https:\\\/\\\/schema.org\",\"@graph\":[{\"@type\":\"WebPage\",\"@id\":\"https:\\\/\\\/planthemmet.se\\\/index.php\\\/om-planthemmet-2\\\/\",\"url\":\"https:\\\/\\\/planthemmet.se\\\/index.php\\\/om-planthemmet-2\\\/\",\"name\":\"Gr\u00f6na h\u00f6rnan sk\u00f6tsel och r\u00e5d - Planthemmet\",\"isPartOf\":{\"@id\":\"https:\\\/\\\/planthemmet.se\\\/#website\"},\"primaryImageOfPage\":{\"@id\":\"https:\\\/\\\/planthemmet.se\\\/index.php\\\/om-planthemmet-2\\\/#primaryimage\"},\"image\":{\"@id\":\"https:\\\/\\\/planthemmet.se\\\/index.php\\\/om-planthemmet-2\\\/#primaryimage\"},\"thumbnailUrl\":\"https:\\\/\\\/planthemmet.se\\\/wp-content\\\/uploads\\\/bb-plugin\\\/cache\\\/IMG_1329-scaled-e1644410890702-circle.jpg\",\"datePublished\":\"2022-02-08T14:01:36+00:00\",\"dateModified\":\"2022-12-20T16:23:33+00:00\",\"description\":\"L\u00e4s mer om min gr\u00f6na h\u00f6rna, f\u00e5 r\u00e5d, tips och gr\u00f6na fingrar f\u00f6r att lyckas med dina v\u00e4xter. Alla kan f\u00e5 gr\u00f6na fingrar och njuta av v\u00e4xter.\",\"breadcrumb\":{\"@id\":\"https:\\\/\\\/planthemmet.se\\\/index.php\\\/om-planthemmet-2\\\/#breadcrumb\"},\"inLanguage\":\"sv-SE\",\"potentialAction\":[{\"@type\":\"ReadAction\",\"target\":[\"https:\\\/\\\/planthemmet.se\\\/index.php\\\/om-planthemmet-2\\\/\"]}]},{\"@type\":\"ImageObject\",\"inLanguage\":\"sv-SE\",\"@id\":\"https:\\\/\\\/planthemmet.se\\\/index.php\\\/om-planthemmet-2\\\/#primaryimage\",\"url\":\"https:\\\/\\\/planthemmet.se\\\/wp-content\\\/uploads\\\/bb-plugin\\\/cache\\\/IMG_1329-scaled-e1644410890702-circle.jpg\",\"contentUrl\":\"https:\\\/\\\/planthemmet.se\\\/wp-content\\\/uploads\\\/bb-plugin\\\/cache\\\/IMG_1329-scaled-e1644410890702-circle.jpg\"},{\"@type\":\"BreadcrumbList\",\"@id\":\"https:\\\/\\\/planthemmet.se\\\/index.php\\\/om-planthemmet-2\\\/#breadcrumb\",\"itemListElement\":[{\"@type\":\"ListItem\",\"position\":1,\"name\":\"Hem\",\"item\":\"https:\\\/\\\/planthemmet.se\\\/\"},{\"@type\":\"ListItem\",\"position\":2,\"name\":\"Om Planthemmet\"}]},{\"@type\":\"WebSite\",\"@id\":\"https:\\\/\\\/planthemmet.se\\\/#website\",\"url\":\"https:\\\/\\\/planthemmet.se\\\/\",\"name\":\"Planthemmet\",\"description\":\"Fannys gr\u00f6na h\u00f6rna\",\"publisher\":{\"@id\":\"https:\\\/\\\/planthemmet.se\\\/#organization\"},\"potentialAction\":[{\"@type\":\"SearchAction\",\"target\":{\"@type\":\"EntryPoint\",\"urlTemplate\":\"https:\\\/\\\/planthemmet.se\\\/?s={search_term_string}\"},\"query-input\":{\"@type\":\"PropertyValueSpecification\",\"valueRequired\":true,\"valueName\":\"search_term_string\"}}],\"inLanguage\":\"sv-SE\"},{\"@type\":\"Organization\",\"@id\":\"https:\\\/\\\/planthemmet.se\\\/#organization\",\"name\":\"Planthemmet\",\"url\":\"https:\\\/\\\/planthemmet.se\\\/\",\"logo\":{\"@type\":\"ImageObject\",\"inLanguage\":\"sv-SE\",\"@id\":\"https:\\\/\\\/planthemmet.se\\\/#\\\/schema\\\/logo\\\/image\\\/\",\"url\":\"https:\\\/\\\/planthemmet.se\\\/wp-content\\\/uploads\\\/2022\\\/05\\\/Planthemmet-logo.png\",\"contentUrl\":\"https:\\\/\\\/planthemmet.se\\\/wp-content\\\/uploads\\\/2022\\\/05\\\/Planthemmet-logo.png\",\"width\":200,\"height\":200,\"caption\":\"Planthemmet\"},\"image\":{\"@id\":\"https:\\\/\\\/planthemmet.se\\\/#\\\/schema\\\/logo\\\/image\\\/\"},\"sameAs\":[\"https:\\\/\\\/m.facebook.com\\\/Planthemmet\",\"https:\\\/\\\/www.instagram.com\\\/planthemmet\"]}]}<\/script>\n<!-- \/ Yoast SEO plugin. -->","yoast_head_json":{"title":"Gr\u00f6na h\u00f6rnan sk\u00f6tsel och r\u00e5d - Planthemmet","description":"L\u00e4s mer om min gr\u00f6na h\u00f6rna, f\u00e5 r\u00e5d, tips och gr\u00f6na fingrar f\u00f6r att lyckas med dina v\u00e4xter. Alla kan f\u00e5 gr\u00f6na fingrar och njuta av v\u00e4xter.","robots":{"index":"index","follow":"follow","max-snippet":"max-snippet:-1","max-image-preview":"max-image-preview:large","max-video-preview":"max-video-preview:-1"},"canonical":"https:\/\/planthemmet.se\/index.php\/om-planthemmet-2\/","og_locale":"sv_SE","og_type":"article","og_title":"Gr\u00f6na h\u00f6rnan sk\u00f6tsel och r\u00e5d - Planthemmet","og_description":"L\u00e4s mer om min gr\u00f6na h\u00f6rna, f\u00e5 r\u00e5d, tips och gr\u00f6na fingrar f\u00f6r att lyckas med dina v\u00e4xter. Alla kan f\u00e5 gr\u00f6na fingrar och njuta av v\u00e4xter.","og_url":"https:\/\/planthemmet.se\/index.php\/om-planthemmet-2\/","og_site_name":"Planthemmet","article_publisher":"https:\/\/m.facebook.com\/Planthemmet","article_modified_time":"2022-12-20T16:23:33+00:00","og_image":[{"url":"https:\/\/planthemmet.se\/wp-content\/uploads\/bb-plugin\/cache\/IMG_1329-scaled-e1644410890702-circle.jpg","type":"","width":"","height":""}],"twitter_card":"summary_large_image","twitter_misc":{"Ber\u00e4knad l\u00e4stid":"3 minuter"},"schema":{"@context":"https:\/\/schema.org","@graph":[{"@type":"WebPage","@id":"https:\/\/planthemmet.se\/index.php\/om-planthemmet-2\/","url":"https:\/\/planthemmet.se\/index.php\/om-planthemmet-2\/","name":"Gr\u00f6na h\u00f6rnan sk\u00f6tsel och r\u00e5d - Planthemmet","isPartOf":{"@id":"https:\/\/planthemmet.se\/#website"},"primaryImageOfPage":{"@id":"https:\/\/planthemmet.se\/index.php\/om-planthemmet-2\/#primaryimage"},"image":{"@id":"https:\/\/planthemmet.se\/index.php\/om-planthemmet-2\/#primaryimage"},"thumbnailUrl":"https:\/\/planthemmet.se\/wp-content\/uploads\/bb-plugin\/cache\/IMG_1329-scaled-e1644410890702-circle.jpg","datePublished":"2022-02-08T14:01:36+00:00","dateModified":"2022-12-20T16:23:33+00:00","description":"L\u00e4s mer om min gr\u00f6na h\u00f6rna, f\u00e5 r\u00e5d, tips och gr\u00f6na fingrar f\u00f6r att lyckas med dina v\u00e4xter. Alla kan f\u00e5 gr\u00f6na fingrar och njuta av v\u00e4xter.","breadcrumb":{"@id":"https:\/\/planthemmet.se\/index.php\/om-planthemmet-2\/#breadcrumb"},"inLanguage":"sv-SE","potentialAction":[{"@type":"ReadAction","target":["https:\/\/planthemmet.se\/index.php\/om-planthemmet-2\/"]}]},{"@type":"ImageObject","inLanguage":"sv-SE","@id":"https:\/\/planthemmet.se\/index.php\/om-planthemmet-2\/#primaryimage","url":"https:\/\/planthemmet.se\/wp-content\/uploads\/bb-plugin\/cache\/IMG_1329-scaled-e1644410890702-circle.jpg","contentUrl":"https:\/\/planthemmet.se\/wp-content\/uploads\/bb-plugin\/cache\/IMG_1329-scaled-e1644410890702-circle.jpg"},{"@type":"BreadcrumbList","@id":"https:\/\/planthemmet.se\/index.php\/om-planthemmet-2\/#breadcrumb","itemListElement":[{"@type":"ListItem","position":1,"name":"Hem","item":"https:\/\/planthemmet.se\/"},{"@type":"ListItem","position":2,"name":"Om Planthemmet"}]},{"@type":"WebSite","@id":"https:\/\/planthemmet.se\/#website","url":"https:\/\/planthemmet.se\/","name":"Planthemmet","description":"Fannys gr\u00f6na h\u00f6rna","publisher":{"@id":"https:\/\/planthemmet.se\/#organization"},"potentialAction":[{"@type":"SearchAction","target":{"@type":"EntryPoint","urlTemplate":"https:\/\/planthemmet.se\/?s={search_term_string}"},"query-input":{"@type":"PropertyValueSpecification","valueRequired":true,"valueName":"search_term_string"}}],"inLanguage":"sv-SE"},{"@type":"Organization","@id":"https:\/\/planthemmet.se\/#organization","name":"Planthemmet","url":"https:\/\/planthemmet.se\/","logo":{"@type":"ImageObject","inLanguage":"sv-SE","@id":"https:\/\/planthemmet.se\/#\/schema\/logo\/image\/","url":"https:\/\/planthemmet.se\/wp-content\/uploads\/2022\/05\/Planthemmet-logo.png","contentUrl":"https:\/\/planthemmet.se\/wp-content\/uploads\/2022\/05\/Planthemmet-logo.png","width":200,"height":200,"caption":"Planthemmet"},"image":{"@id":"https:\/\/planthemmet.se\/#\/schema\/logo\/image\/"},"sameAs":["https:\/\/m.facebook.com\/Planthemmet","https:\/\/www.instagram.com\/planthemmet"]}]}},"jetpack_sharing_enabled":true,"_links":{"self":[{"href":"https:\/\/planthemmet.se\/index.php\/wp-json\/wp\/v2\/pages\/82","targetHints":{"allow":["GET"]}}],"collection":[{"href":"https:\/\/planthemmet.se\/index.php\/wp-json\/wp\/v2\/pages"}],"about":[{"href":"https:\/\/planthemmet.se\/index.php\/wp-json\/wp\/v2\/types\/page"}],"author":[{"embeddable":true,"href":"https:\/\/planthemmet.se\/index.php\/wp-json\/wp\/v2\/users\/2"}],"replies":[{"embeddable":true,"href":"https:\/\/planthemmet.se\/index.php\/wp-json\/wp\/v2\/comments?post=82"}],"version-history":[{"count":47,"href":"https:\/\/planthemmet.se\/index.php\/wp-json\/wp\/v2\/pages\/82\/revisions"}],"predecessor-version":[{"id":1298,"href":"https:\/\/planthemmet.se\/index.php\/wp-json\/wp\/v2\/pages\/82\/revisions\/1298"}],"wp:attachment":[{"href":"https:\/\/planthemmet.se\/index.php\/wp-json\/wp\/v2\/media?parent=82"}],"curies":[{"name":"wp","href":"https:\/\/api.w.org\/{rel}","templated":true}]}}