{"id":789,"date":"2022-05-28T19:52:10","date_gmt":"2022-05-28T19:52:10","guid":{"rendered":"https:\/\/planthemmet.se\/?page_id=789"},"modified":"2023-09-12T15:00:56","modified_gmt":"2023-09-12T15:00:56","slug":"tjanster","status":"publish","type":"page","link":"https:\/\/planthemmet.se\/index.php\/tjanster\/","title":{"rendered":"Tj\u00e4nster"},"content":{"rendered":"\n\n\t\t<h1>\n\t\t\tPlanthemmets tj\u00e4nster\n\t\t<\/h1>\n\t\t\t<p>Vad kan jag hj\u00e4lpa dig med idag?<\/p>\t\t\n\t\t\t\t\t<h2>Omplantering eller styling inomhus<\/h2> 500 kr \/ tim<ul role=\"list\"><li role=\"listitem\">Omplantering och rehab av dina nuvarande krukv\u00e4xter<\/li><li role=\"listitem\">Styling, r\u00e5d och ink\u00f6p av nya krukv\u00e4xter<\/li><li role=\"listitem\">Styling och plantering till st\u00f6rre f\u00f6retag (sk\u00f6tsel kan g\u00f6ras p\u00e5 f\u00f6rfr\u00e5gan<\/li><\/ul>\n\t\t\t<a href=\"#formul\u00e4r\" target=\"_self\" rel=\"noopener\">\n\t\t\t\t\t\t\tG\u00f6r en f\u00f6rfr\u00e5gan\n\t\t\t\t\t<\/a>\n\t\t\t\t\t<h2>Tr\u00e4dg\u00e5rdsarbete &#038; omplantering utomhus<\/h2> 500 kr \/ tim<ul role=\"list\"><li role=\"listitem\">Tr\u00e4dg\u00e5rdssk\u00f6tsel p\u00e5 f\u00f6rfr\u00e5gan<\/li><li role=\"listitem\">Omplantering av utev\u00e4xter eller f\u00e5 utekrukan v\u00e5r\/sommar\/h\u00f6st fin<\/li><li role=\"listitem\">Styling balkong<\/li><li role=\"listitem\">Plantering grav, (endast plantering, ej sk\u00f6tsel)<\/li><\/ul>\n\t\t\t<a href=\"#formul\u00e4r\" target=\"_self\" rel=\"noopener\">\n\t\t\t\t\t\t\tG\u00f6r en f\u00f6rfr\u00e5gan\n\t\t\t\t\t<\/a>\n\t\t\t\t\t<h2>Snittblommor, kurser, buketter &#038; arrangemang<\/h2> 500 kr \/ tim<ul role=\"list\"><li role=\"listitem\">St\u00f6rre bukett best\u00e4llningar till f\u00f6retag och event<\/li><li role=\"listitem\">Arragemang till event, fest och hotell<\/li><li role=\"listitem\">Brudbuketter, dukning och arragemang till br\u00f6llop<\/li><li role=\"listitem\">St\u00f6rre best\u00e4llningar till begravningar<\/li><li role=\"listitem\">Bukett och kransbindarkurser till f\u00f6retag, m\u00f6hippa eller annat event (minst 8 personer)<\/li><\/ul>\n\t\t\t<a href=\"#formul\u00e4r\" target=\"_self\" rel=\"noopener\">\n\t\t\t\t\t\t\tG\u00f6r en f\u00f6rfr\u00e5gan\n\t\t\t\t\t<\/a>\n\t\t\t<h3>BOKA MIG ELLER SKICKA EN F\u00d6RFR\u00c5GAN H\u00c4R NEDAN<\/h3>\n\t\t    <form data-form_id=\"1\" id=\"fluentform_1\" data-form_instance=\"ff_form_instance_1_1\" method=\"POST\" data-recptcha_key=\"6LfVU5MgAAAAAAIhMwz7V0If5HPnhO4IEVtku3a5\"><fieldset>\n                    <legend>Kontaktformul\u00e4r<\/legend><input type='hidden' name='__fluent_form_embded_post_id' value='789' \/><input type=\"hidden\" id=\"_fluentform_1_fluentformnonce\" name=\"_fluentform_1_fluentformnonce\" value=\"9c090ac241\" \/><input type=\"hidden\" name=\"_wp_http_referer\" value=\"\/?page_id=789&#038;fl_builder\" \/><input type=\"text\" name=\"names[first_name]\" id=\"ff_1_names_first_name_\" placeholder=\"F\u00f6rnamn\" aria-invalid=\"false\" aria-required=false\/><input type=\"text\" name=\"names[last_name]\" id=\"ff_1_names_last_name_\" placeholder=\"Efternamn\" aria-invalid=\"false\" aria-required=false\/><input type=\"email\" name=\"email\" id=\"ff_1_email\" placeholder=\"Mejladress\" data-name=\"email\"  aria-invalid=\"false\" aria-required=true\/><input type=\"text\" name=\"subject\" placeholder=\"\u00c4mne\" data-name=\"subject\" id=\"ff_1_subject\"  aria-invalid=\"false\" aria-required=true\/><textarea aria-invalid=\"false\" aria-required=true name=\"message\" id=\"ff_1_message\" placeholder=\"Jag skulle vilja ....\" rows=\"4\" cols=\"2\" data-name=\"message\"><\/textarea><label aria-label='terms &#038; conditions' class='ff-el-form-check-label ff_tc_label' for=gdpr-agreement_af100f8a92bdf248924abe3c8b2c7743><input type=\"checkbox\" name=\"gdpr-agreement\" data-name=\"gdpr-agreement\" id=\"gdpr-agreement_af100f8a92bdf248924abe3c8b2c7743\"  value='on' aria-invalid='false' aria-required=true\/> Genom att kryssa i rutan bekr\u00e4ftar att jag l\u00e4st Planthemmets integritetspolicy och godk\u00e4nner att mina personuppgifter anv\u00e4nds i enlighet med den. Policyn hittar du <a>h\u00e4r &gt;&gt;<\/a><\/label><button type=\"submit\">Skicka<\/button><\/fieldset><\/form>        \n\t\t<h2>\n\t\t\tMer om tj\u00e4nsterna\n\t\t<\/h2>\n\t<p>\u00c4r det fest p\u00e5 g\u00e5ng eller vill du bara f\u00f6rvandla ditt hem till en gr\u00f6n oas? Planthemmet finns d\u00e4r f\u00f6r dina \u00f6nskem\u00e5l. Vad jag vill ge er med detta f\u00f6retag \u00e4r ett gr\u00f6nare liv med enkla l\u00f6sningar.<\/p>\n<p>Idag har vi inte alltid tid till alla projekt vi vill f\u00e5 ig\u00e5ng och ibland beh\u00f6vs bara lite hj\u00e4lp p\u00e5 traven. I listan h\u00e4r ovan ser du vilka tj\u00e4nster jag kan hj\u00e4lpa dig med. Hittar du inte de du s\u00f6ker i rutan? D\u00e5 \u00e4r du alltid v\u00e4lkommen att kontakta mig \u00e4nd\u00e5 f\u00f6r att se om det \u00e4r n\u00e5got vi kan l\u00f6sa.<\/p>\n<p>Priserna ni ser i rutan \u00e4r timpriser, sedan tillkommer kostnad f\u00f6r leverans och material. Jag ger er g\u00e4rna en offert p\u00e5 vad just era \u00f6nskem\u00e5l kostar och sj\u00e4lvklart f\u00f6rs\u00f6ker jag alltid ta h\u00e4nsyn till er budget. Rut-avdrag g\u00e4ller f\u00f6r vissa delar av tr\u00e4dg\u00e5rdsarbetet, f\u00f6r mer info vad det g\u00e4ller <a href=\"https:\/\/planthemmet.se\/index.php\/garanti-och-reklamationer\/\">hittar du h\u00e4r<\/a>.<\/p>\n<p>Har du fr\u00e5gor? D\u00e5 \u00e4r du varmt v\u00e4lkommen att maila mig p\u00e5 <a href=\"mailto:planthemmet@outlook.com\">planthemmet@outlook.com<\/a> eller kontakta mig direkt i formul\u00e4ret ovan.<\/p>\n\t\t\t\t\t\t\t\t\t<img decoding=\"async\" src=\"https:\/\/planthemmet.se\/wp-content\/uploads\/2022\/05\/murgrona.jpg\" alt=\"murgr\u00f6na\" itemprop=\"image\" srcset=\"https:\/\/planthemmet.se\/wp-content\/uploads\/2022\/05\/murgrona-e1654862310138.jpg 707w, https:\/\/planthemmet.se\/wp-content\/uploads\/2022\/05\/murgrona-e1654862310138-300x230.jpg 300w, https:\/\/planthemmet.se\/wp-content\/uploads\/2022\/05\/murgrona-e1654862310138-600x460.jpg 600w\" sizes=\"(max-width: 707px) 100vw, 707px\" title=\"murgr\u00f6na\" onerror=\"this.style.display='none'\"  \/>\n\n","protected":false},"excerpt":{"rendered":"<p>Planthemmets tj\u00e4nster Vad kan jag hj\u00e4lpa dig med idag? Omplantering eller styling inomhus 500 kr \/ tim Omplantering och rehab av dina nuvarande krukv\u00e4xter Styling, r\u00e5d och ink\u00f6p av nya krukv\u00e4xter Styling och plantering till st\u00f6rre f\u00f6retag (sk\u00f6tsel kan g\u00f6ras p\u00e5 f\u00f6rfr\u00e5gan G\u00f6r en f\u00f6rfr\u00e5gan Tr\u00e4dg\u00e5rdsarbete &#038; omplantering utomhus 500 kr \/ tim Tr\u00e4dg\u00e5rdssk\u00f6tsel p\u00e5 &#8230; <a title=\"Tj\u00e4nster\" class=\"read-more\" href=\"https:\/\/planthemmet.se\/index.php\/tjanster\/\" aria-label=\"L\u00e4s mer om Tj\u00e4nster\">L\u00e4s mer<\/a><\/p>\n","protected":false},"author":2,"featured_media":0,"parent":0,"menu_order":0,"comment_status":"closed","ping_status":"closed","template":"","meta":{"footnotes":""},"class_list":["post-789","page","type-page","status-publish"],"yoast_head":"<!-- This site is optimized with the Yoast SEO plugin v27.4 - https:\/\/yoast.com\/product\/yoast-seo-wordpress\/ -->\n<title>F\u00e5 snabb hj\u00e4lp med dina v\u00e4xter idag - Planthemmet<\/title>\n<meta name=\"description\" content=\"F\u00e5 hj\u00e4lp med dina v\u00e4xter! Jag utf\u00f6r alla typer av blomstrande arbeten, tr\u00e4dg\u00e5rd och planterar om dina av dina v\u00e4xter. F\u00e5 snabb hj\u00e4lp\" \/>\n<meta name=\"robots\" content=\"index, follow, max-snippet:-1, max-image-preview:large, max-video-preview:-1\" \/>\n<link rel=\"canonical\" href=\"https:\/\/planthemmet.se\/index.php\/tjanster\/\" \/>\n<meta property=\"og:locale\" content=\"sv_SE\" \/>\n<meta property=\"og:type\" content=\"article\" \/>\n<meta property=\"og:title\" content=\"F\u00e5 snabb hj\u00e4lp med dina v\u00e4xter idag - Planthemmet\" \/>\n<meta property=\"og:description\" content=\"F\u00e5 hj\u00e4lp med dina v\u00e4xter! Jag utf\u00f6r alla typer av blomstrande arbeten, tr\u00e4dg\u00e5rd och planterar om dina av dina v\u00e4xter. F\u00e5 snabb hj\u00e4lp\" \/>\n<meta property=\"og:url\" content=\"https:\/\/planthemmet.se\/index.php\/tjanster\/\" \/>\n<meta property=\"og:site_name\" content=\"Planthemmet\" \/>\n<meta property=\"article:publisher\" content=\"https:\/\/m.facebook.com\/Planthemmet\" \/>\n<meta property=\"article:modified_time\" content=\"2023-09-12T15:00:56+00:00\" \/>\n<meta property=\"og:image\" content=\"https:\/\/planthemmet.se\/wp-content\/uploads\/2022\/05\/murgrona.jpg\" \/>\n<meta name=\"twitter:card\" content=\"summary_large_image\" \/>\n<meta name=\"twitter:label1\" content=\"Ber\u00e4knad l\u00e4stid\" \/>\n\t<meta name=\"twitter:data1\" content=\"2 minuter\" \/>\n<script type=\"application\/ld+json\" class=\"yoast-schema-graph\">{\"@context\":\"https:\\\/\\\/schema.org\",\"@graph\":[{\"@type\":\"WebPage\",\"@id\":\"https:\\\/\\\/planthemmet.se\\\/index.php\\\/tjanster\\\/\",\"url\":\"https:\\\/\\\/planthemmet.se\\\/index.php\\\/tjanster\\\/\",\"name\":\"F\u00e5 snabb hj\u00e4lp med dina v\u00e4xter idag - Planthemmet\",\"isPartOf\":{\"@id\":\"https:\\\/\\\/planthemmet.se\\\/#website\"},\"primaryImageOfPage\":{\"@id\":\"https:\\\/\\\/planthemmet.se\\\/index.php\\\/tjanster\\\/#primaryimage\"},\"image\":{\"@id\":\"https:\\\/\\\/planthemmet.se\\\/index.php\\\/tjanster\\\/#primaryimage\"},\"thumbnailUrl\":\"https:\\\/\\\/planthemmet.se\\\/wp-content\\\/uploads\\\/2022\\\/05\\\/murgrona.jpg\",\"datePublished\":\"2022-05-28T19:52:10+00:00\",\"dateModified\":\"2023-09-12T15:00:56+00:00\",\"description\":\"F\u00e5 hj\u00e4lp med dina v\u00e4xter! Jag utf\u00f6r alla typer av blomstrande arbeten, tr\u00e4dg\u00e5rd och planterar om dina av dina v\u00e4xter. F\u00e5 snabb hj\u00e4lp\",\"breadcrumb\":{\"@id\":\"https:\\\/\\\/planthemmet.se\\\/index.php\\\/tjanster\\\/#breadcrumb\"},\"inLanguage\":\"sv-SE\",\"potentialAction\":[{\"@type\":\"ReadAction\",\"target\":[\"https:\\\/\\\/planthemmet.se\\\/index.php\\\/tjanster\\\/\"]}]},{\"@type\":\"ImageObject\",\"inLanguage\":\"sv-SE\",\"@id\":\"https:\\\/\\\/planthemmet.se\\\/index.php\\\/tjanster\\\/#primaryimage\",\"url\":\"https:\\\/\\\/planthemmet.se\\\/wp-content\\\/uploads\\\/2022\\\/05\\\/murgrona.jpg\",\"contentUrl\":\"https:\\\/\\\/planthemmet.se\\\/wp-content\\\/uploads\\\/2022\\\/05\\\/murgrona.jpg\"},{\"@type\":\"BreadcrumbList\",\"@id\":\"https:\\\/\\\/planthemmet.se\\\/index.php\\\/tjanster\\\/#breadcrumb\",\"itemListElement\":[{\"@type\":\"ListItem\",\"position\":1,\"name\":\"Hem\",\"item\":\"https:\\\/\\\/planthemmet.se\\\/\"},{\"@type\":\"ListItem\",\"position\":2,\"name\":\"Tj\u00e4nster\"}]},{\"@type\":\"WebSite\",\"@id\":\"https:\\\/\\\/planthemmet.se\\\/#website\",\"url\":\"https:\\\/\\\/planthemmet.se\\\/\",\"name\":\"Planthemmet\",\"description\":\"Fannys gr\u00f6na h\u00f6rna\",\"publisher\":{\"@id\":\"https:\\\/\\\/planthemmet.se\\\/#organization\"},\"potentialAction\":[{\"@type\":\"SearchAction\",\"target\":{\"@type\":\"EntryPoint\",\"urlTemplate\":\"https:\\\/\\\/planthemmet.se\\\/?s={search_term_string}\"},\"query-input\":{\"@type\":\"PropertyValueSpecification\",\"valueRequired\":true,\"valueName\":\"search_term_string\"}}],\"inLanguage\":\"sv-SE\"},{\"@type\":\"Organization\",\"@id\":\"https:\\\/\\\/planthemmet.se\\\/#organization\",\"name\":\"Planthemmet\",\"url\":\"https:\\\/\\\/planthemmet.se\\\/\",\"logo\":{\"@type\":\"ImageObject\",\"inLanguage\":\"sv-SE\",\"@id\":\"https:\\\/\\\/planthemmet.se\\\/#\\\/schema\\\/logo\\\/image\\\/\",\"url\":\"https:\\\/\\\/planthemmet.se\\\/wp-content\\\/uploads\\\/2022\\\/05\\\/Planthemmet-logo.png\",\"contentUrl\":\"https:\\\/\\\/planthemmet.se\\\/wp-content\\\/uploads\\\/2022\\\/05\\\/Planthemmet-logo.png\",\"width\":200,\"height\":200,\"caption\":\"Planthemmet\"},\"image\":{\"@id\":\"https:\\\/\\\/planthemmet.se\\\/#\\\/schema\\\/logo\\\/image\\\/\"},\"sameAs\":[\"https:\\\/\\\/m.facebook.com\\\/Planthemmet\",\"https:\\\/\\\/www.instagram.com\\\/planthemmet\"]}]}<\/script>\n<!-- \/ Yoast SEO plugin. -->","yoast_head_json":{"title":"F\u00e5 snabb hj\u00e4lp med dina v\u00e4xter idag - Planthemmet","description":"F\u00e5 hj\u00e4lp med dina v\u00e4xter! Jag utf\u00f6r alla typer av blomstrande arbeten, tr\u00e4dg\u00e5rd och planterar om dina av dina v\u00e4xter. F\u00e5 snabb hj\u00e4lp","robots":{"index":"index","follow":"follow","max-snippet":"max-snippet:-1","max-image-preview":"max-image-preview:large","max-video-preview":"max-video-preview:-1"},"canonical":"https:\/\/planthemmet.se\/index.php\/tjanster\/","og_locale":"sv_SE","og_type":"article","og_title":"F\u00e5 snabb hj\u00e4lp med dina v\u00e4xter idag - Planthemmet","og_description":"F\u00e5 hj\u00e4lp med dina v\u00e4xter! Jag utf\u00f6r alla typer av blomstrande arbeten, tr\u00e4dg\u00e5rd och planterar om dina av dina v\u00e4xter. F\u00e5 snabb hj\u00e4lp","og_url":"https:\/\/planthemmet.se\/index.php\/tjanster\/","og_site_name":"Planthemmet","article_publisher":"https:\/\/m.facebook.com\/Planthemmet","article_modified_time":"2023-09-12T15:00:56+00:00","og_image":[{"url":"https:\/\/planthemmet.se\/wp-content\/uploads\/2022\/05\/murgrona.jpg","type":"","width":"","height":""}],"twitter_card":"summary_large_image","twitter_misc":{"Ber\u00e4knad l\u00e4stid":"2 minuter"},"schema":{"@context":"https:\/\/schema.org","@graph":[{"@type":"WebPage","@id":"https:\/\/planthemmet.se\/index.php\/tjanster\/","url":"https:\/\/planthemmet.se\/index.php\/tjanster\/","name":"F\u00e5 snabb hj\u00e4lp med dina v\u00e4xter idag - Planthemmet","isPartOf":{"@id":"https:\/\/planthemmet.se\/#website"},"primaryImageOfPage":{"@id":"https:\/\/planthemmet.se\/index.php\/tjanster\/#primaryimage"},"image":{"@id":"https:\/\/planthemmet.se\/index.php\/tjanster\/#primaryimage"},"thumbnailUrl":"https:\/\/planthemmet.se\/wp-content\/uploads\/2022\/05\/murgrona.jpg","datePublished":"2022-05-28T19:52:10+00:00","dateModified":"2023-09-12T15:00:56+00:00","description":"F\u00e5 hj\u00e4lp med dina v\u00e4xter! Jag utf\u00f6r alla typer av blomstrande arbeten, tr\u00e4dg\u00e5rd och planterar om dina av dina v\u00e4xter. F\u00e5 snabb hj\u00e4lp","breadcrumb":{"@id":"https:\/\/planthemmet.se\/index.php\/tjanster\/#breadcrumb"},"inLanguage":"sv-SE","potentialAction":[{"@type":"ReadAction","target":["https:\/\/planthemmet.se\/index.php\/tjanster\/"]}]},{"@type":"ImageObject","inLanguage":"sv-SE","@id":"https:\/\/planthemmet.se\/index.php\/tjanster\/#primaryimage","url":"https:\/\/planthemmet.se\/wp-content\/uploads\/2022\/05\/murgrona.jpg","contentUrl":"https:\/\/planthemmet.se\/wp-content\/uploads\/2022\/05\/murgrona.jpg"},{"@type":"BreadcrumbList","@id":"https:\/\/planthemmet.se\/index.php\/tjanster\/#breadcrumb","itemListElement":[{"@type":"ListItem","position":1,"name":"Hem","item":"https:\/\/planthemmet.se\/"},{"@type":"ListItem","position":2,"name":"Tj\u00e4nster"}]},{"@type":"WebSite","@id":"https:\/\/planthemmet.se\/#website","url":"https:\/\/planthemmet.se\/","name":"Planthemmet","description":"Fannys gr\u00f6na h\u00f6rna","publisher":{"@id":"https:\/\/planthemmet.se\/#organization"},"potentialAction":[{"@type":"SearchAction","target":{"@type":"EntryPoint","urlTemplate":"https:\/\/planthemmet.se\/?s={search_term_string}"},"query-input":{"@type":"PropertyValueSpecification","valueRequired":true,"valueName":"search_term_string"}}],"inLanguage":"sv-SE"},{"@type":"Organization","@id":"https:\/\/planthemmet.se\/#organization","name":"Planthemmet","url":"https:\/\/planthemmet.se\/","logo":{"@type":"ImageObject","inLanguage":"sv-SE","@id":"https:\/\/planthemmet.se\/#\/schema\/logo\/image\/","url":"https:\/\/planthemmet.se\/wp-content\/uploads\/2022\/05\/Planthemmet-logo.png","contentUrl":"https:\/\/planthemmet.se\/wp-content\/uploads\/2022\/05\/Planthemmet-logo.png","width":200,"height":200,"caption":"Planthemmet"},"image":{"@id":"https:\/\/planthemmet.se\/#\/schema\/logo\/image\/"},"sameAs":["https:\/\/m.facebook.com\/Planthemmet","https:\/\/www.instagram.com\/planthemmet"]}]}},"jetpack_sharing_enabled":true,"_links":{"self":[{"href":"https:\/\/planthemmet.se\/index.php\/wp-json\/wp\/v2\/pages\/789","targetHints":{"allow":["GET"]}}],"collection":[{"href":"https:\/\/planthemmet.se\/index.php\/wp-json\/wp\/v2\/pages"}],"about":[{"href":"https:\/\/planthemmet.se\/index.php\/wp-json\/wp\/v2\/types\/page"}],"author":[{"embeddable":true,"href":"https:\/\/planthemmet.se\/index.php\/wp-json\/wp\/v2\/users\/2"}],"replies":[{"embeddable":true,"href":"https:\/\/planthemmet.se\/index.php\/wp-json\/wp\/v2\/comments?post=789"}],"version-history":[{"count":32,"href":"https:\/\/planthemmet.se\/index.php\/wp-json\/wp\/v2\/pages\/789\/revisions"}],"predecessor-version":[{"id":1580,"href":"https:\/\/planthemmet.se\/index.php\/wp-json\/wp\/v2\/pages\/789\/revisions\/1580"}],"wp:attachment":[{"href":"https:\/\/planthemmet.se\/index.php\/wp-json\/wp\/v2\/media?parent=789"}],"curies":[{"name":"wp","href":"https:\/\/api.w.org\/{rel}","templated":true}]}}