{"id":776,"date":"2022-05-23T15:33:50","date_gmt":"2022-05-23T15:33:50","guid":{"rendered":"https:\/\/planthemmet.se\/?page_id=776"},"modified":"2024-10-08T08:30:55","modified_gmt":"2024-10-08T08:30:55","slug":"attributions","status":"publish","type":"page","link":"https:\/\/planthemmet.se\/index.php\/attributions\/","title":{"rendered":"Attributions"},"content":{"rendered":"\n\n\t\t<h1>\n\t\t\tAttributions\n\t\t<\/h1>\n\t\t<h2>\n\t\t\tEtt stort tack!\n\t\t<\/h2>\n\t\t<h4>Fotografer<\/h4>\n\t\t\t<p>M\u00e5nga av bilderna p\u00e5 denna sidan \u00e4r tagna av mig sj\u00e4lv, men de allra finaste bilderna har jag faktist f\u00e5tt hj\u00e4lp med. Jag vill rikta ett stort tack till er alla fotografer-\u00a0 Elin Dempe\/Lundgren- Theodor Buss- \u00d6rjan Svensson-Janina Agneh\u00e4ll- Emelie Ejdemyr<\/p>\t\t\n\t\t\t\t\t\t\t\t\t<img loading=\"lazy\" decoding=\"async\" src=\"https:\/\/planthemmet.se\/wp-content\/uploads\/bb-plugin\/cache\/IMG_9924-square.jpg\" alt=\"IMG_9924\" itemprop=\"image\" height=\"710\" width=\"532\" title=\"IMG_9924\" onerror=\"this.style.display='none'\"  \/>\n\t\t<h4>Webb design<\/h4>\n\t\t\t<p>Ett speciellt tack till Christina och \u00d6rjan Svensson (Ibyr\u00e5n) som har haft s\u00e5nt t\u00e5lamod med att l\u00e4ra upp mig. Det har varit otroligt roligt och jag har l\u00e4rt mig m\u00e4ngder nya grejer jag aldrig trodde jag skulle klarat. Denna hemsida hade helt enkelt aldrig blivit av om ni inte hade vart s\u00e5 n\u00e4ra till hands!Loggan \u00e4r skapad av fantastiska Melker Buss som trots mina kr\u00e5ngliga f\u00f6rklaringar f\u00f6rstod precis vad jag ville ha.<\/p>\t\t\n\t\t<h4>Alla ni andra som hejat p\u00e5<\/h4>\n\t\t\t<p>Ska jag r\u00e4kna upp alla som st\u00f6ttat och peppat mig i detta hade den blivit f\u00f6r l\u00e5ng f\u00f6r er att l\u00e4sa. Men tack alla ni som har motiverat mig till att g\u00f6ra mer och st\u00f6ttat alla mina galna id\u00e9er, ni \u00e4r b\u00e4st!<\/p>\t\t\n\n","protected":false},"excerpt":{"rendered":"<p>Attributions Ett stort tack! Fotografer M\u00e5nga av bilderna p\u00e5 denna sidan \u00e4r tagna av mig sj\u00e4lv, men de allra finaste bilderna har jag faktist f\u00e5tt hj\u00e4lp med. Jag vill rikta ett stort tack till er alla fotografer-\u00a0 Elin Dempe\/Lundgren- Theodor Buss- \u00d6rjan Svensson-Janina Agneh\u00e4ll- Emelie Ejdemyr Webb design Ett speciellt tack till Christina och \u00d6rjan &#8230; <a title=\"Attributions\" class=\"read-more\" href=\"https:\/\/planthemmet.se\/index.php\/attributions\/\" aria-label=\"L\u00e4s mer om Attributions\">L\u00e4s mer<\/a><\/p>\n","protected":false},"author":2,"featured_media":0,"parent":0,"menu_order":0,"comment_status":"closed","ping_status":"closed","template":"","meta":{"footnotes":""},"class_list":["post-776","page","type-page","status-publish"],"yoast_head":"<!-- This site is optimized with the Yoast SEO plugin v27.4 - https:\/\/yoast.com\/product\/yoast-seo-wordpress\/ -->\n<title>Attributions - Planthemmet<\/title>\n<meta name=\"robots\" content=\"index, follow, max-snippet:-1, max-image-preview:large, max-video-preview:-1\" \/>\n<link rel=\"canonical\" href=\"https:\/\/planthemmet.se\/index.php\/attributions\/\" \/>\n<meta property=\"og:locale\" content=\"sv_SE\" \/>\n<meta property=\"og:type\" content=\"article\" \/>\n<meta property=\"og:title\" content=\"Attributions - Planthemmet\" \/>\n<meta property=\"og:description\" content=\"Attributions Ett stort tack! Fotografer M\u00e5nga av bilderna p\u00e5 denna sidan \u00e4r tagna av mig sj\u00e4lv, men de allra finaste bilderna har jag faktist f\u00e5tt hj\u00e4lp med. Jag vill rikta ett stort tack till er alla fotografer-\u00a0 Elin Dempe\/Lundgren- Theodor Buss- \u00d6rjan Svensson-Janina Agneh\u00e4ll- Emelie Ejdemyr Webb design Ett speciellt tack till Christina och \u00d6rjan ... L\u00e4s mer\" \/>\n<meta property=\"og:url\" content=\"https:\/\/planthemmet.se\/index.php\/attributions\/\" \/>\n<meta property=\"og:site_name\" content=\"Planthemmet\" \/>\n<meta property=\"article:publisher\" content=\"https:\/\/m.facebook.com\/Planthemmet\" \/>\n<meta property=\"article:modified_time\" content=\"2024-10-08T08:30:55+00:00\" \/>\n<meta property=\"og:image\" content=\"https:\/\/planthemmet.se\/wp-content\/uploads\/bb-plugin\/cache\/IMG_9924-square.jpg\" \/>\n<meta name=\"twitter:card\" content=\"summary_large_image\" \/>\n<meta name=\"twitter:label1\" content=\"Ber\u00e4knad l\u00e4stid\" \/>\n\t<meta name=\"twitter:data1\" content=\"1 minut\" \/>\n<script type=\"application\/ld+json\" class=\"yoast-schema-graph\">{\"@context\":\"https:\\\/\\\/schema.org\",\"@graph\":[{\"@type\":\"WebPage\",\"@id\":\"https:\\\/\\\/planthemmet.se\\\/index.php\\\/attributions\\\/\",\"url\":\"https:\\\/\\\/planthemmet.se\\\/index.php\\\/attributions\\\/\",\"name\":\"Attributions - Planthemmet\",\"isPartOf\":{\"@id\":\"https:\\\/\\\/planthemmet.se\\\/#website\"},\"primaryImageOfPage\":{\"@id\":\"https:\\\/\\\/planthemmet.se\\\/index.php\\\/attributions\\\/#primaryimage\"},\"image\":{\"@id\":\"https:\\\/\\\/planthemmet.se\\\/index.php\\\/attributions\\\/#primaryimage\"},\"thumbnailUrl\":\"https:\\\/\\\/planthemmet.se\\\/wp-content\\\/uploads\\\/bb-plugin\\\/cache\\\/IMG_9924-square.jpg\",\"datePublished\":\"2022-05-23T15:33:50+00:00\",\"dateModified\":\"2024-10-08T08:30:55+00:00\",\"breadcrumb\":{\"@id\":\"https:\\\/\\\/planthemmet.se\\\/index.php\\\/attributions\\\/#breadcrumb\"},\"inLanguage\":\"sv-SE\",\"potentialAction\":[{\"@type\":\"ReadAction\",\"target\":[\"https:\\\/\\\/planthemmet.se\\\/index.php\\\/attributions\\\/\"]}]},{\"@type\":\"ImageObject\",\"inLanguage\":\"sv-SE\",\"@id\":\"https:\\\/\\\/planthemmet.se\\\/index.php\\\/attributions\\\/#primaryimage\",\"url\":\"https:\\\/\\\/planthemmet.se\\\/wp-content\\\/uploads\\\/bb-plugin\\\/cache\\\/IMG_9924-square.jpg\",\"contentUrl\":\"https:\\\/\\\/planthemmet.se\\\/wp-content\\\/uploads\\\/bb-plugin\\\/cache\\\/IMG_9924-square.jpg\"},{\"@type\":\"BreadcrumbList\",\"@id\":\"https:\\\/\\\/planthemmet.se\\\/index.php\\\/attributions\\\/#breadcrumb\",\"itemListElement\":[{\"@type\":\"ListItem\",\"position\":1,\"name\":\"Hem\",\"item\":\"https:\\\/\\\/planthemmet.se\\\/\"},{\"@type\":\"ListItem\",\"position\":2,\"name\":\"Attributions\"}]},{\"@type\":\"WebSite\",\"@id\":\"https:\\\/\\\/planthemmet.se\\\/#website\",\"url\":\"https:\\\/\\\/planthemmet.se\\\/\",\"name\":\"Planthemmet\",\"description\":\"Fannys gr\u00f6na h\u00f6rna\",\"publisher\":{\"@id\":\"https:\\\/\\\/planthemmet.se\\\/#organization\"},\"potentialAction\":[{\"@type\":\"SearchAction\",\"target\":{\"@type\":\"EntryPoint\",\"urlTemplate\":\"https:\\\/\\\/planthemmet.se\\\/?s={search_term_string}\"},\"query-input\":{\"@type\":\"PropertyValueSpecification\",\"valueRequired\":true,\"valueName\":\"search_term_string\"}}],\"inLanguage\":\"sv-SE\"},{\"@type\":\"Organization\",\"@id\":\"https:\\\/\\\/planthemmet.se\\\/#organization\",\"name\":\"Planthemmet\",\"url\":\"https:\\\/\\\/planthemmet.se\\\/\",\"logo\":{\"@type\":\"ImageObject\",\"inLanguage\":\"sv-SE\",\"@id\":\"https:\\\/\\\/planthemmet.se\\\/#\\\/schema\\\/logo\\\/image\\\/\",\"url\":\"https:\\\/\\\/planthemmet.se\\\/wp-content\\\/uploads\\\/2022\\\/05\\\/Planthemmet-logo.png\",\"contentUrl\":\"https:\\\/\\\/planthemmet.se\\\/wp-content\\\/uploads\\\/2022\\\/05\\\/Planthemmet-logo.png\",\"width\":200,\"height\":200,\"caption\":\"Planthemmet\"},\"image\":{\"@id\":\"https:\\\/\\\/planthemmet.se\\\/#\\\/schema\\\/logo\\\/image\\\/\"},\"sameAs\":[\"https:\\\/\\\/m.facebook.com\\\/Planthemmet\",\"https:\\\/\\\/www.instagram.com\\\/planthemmet\"]}]}<\/script>\n<!-- \/ Yoast SEO plugin. -->","yoast_head_json":{"title":"Attributions - Planthemmet","robots":{"index":"index","follow":"follow","max-snippet":"max-snippet:-1","max-image-preview":"max-image-preview:large","max-video-preview":"max-video-preview:-1"},"canonical":"https:\/\/planthemmet.se\/index.php\/attributions\/","og_locale":"sv_SE","og_type":"article","og_title":"Attributions - Planthemmet","og_description":"Attributions Ett stort tack! Fotografer M\u00e5nga av bilderna p\u00e5 denna sidan \u00e4r tagna av mig sj\u00e4lv, men de allra finaste bilderna har jag faktist f\u00e5tt hj\u00e4lp med. Jag vill rikta ett stort tack till er alla fotografer-\u00a0 Elin Dempe\/Lundgren- Theodor Buss- \u00d6rjan Svensson-Janina Agneh\u00e4ll- Emelie Ejdemyr Webb design Ett speciellt tack till Christina och \u00d6rjan ... L\u00e4s mer","og_url":"https:\/\/planthemmet.se\/index.php\/attributions\/","og_site_name":"Planthemmet","article_publisher":"https:\/\/m.facebook.com\/Planthemmet","article_modified_time":"2024-10-08T08:30:55+00:00","og_image":[{"url":"https:\/\/planthemmet.se\/wp-content\/uploads\/bb-plugin\/cache\/IMG_9924-square.jpg","type":"","width":"","height":""}],"twitter_card":"summary_large_image","twitter_misc":{"Ber\u00e4knad l\u00e4stid":"1 minut"},"schema":{"@context":"https:\/\/schema.org","@graph":[{"@type":"WebPage","@id":"https:\/\/planthemmet.se\/index.php\/attributions\/","url":"https:\/\/planthemmet.se\/index.php\/attributions\/","name":"Attributions - Planthemmet","isPartOf":{"@id":"https:\/\/planthemmet.se\/#website"},"primaryImageOfPage":{"@id":"https:\/\/planthemmet.se\/index.php\/attributions\/#primaryimage"},"image":{"@id":"https:\/\/planthemmet.se\/index.php\/attributions\/#primaryimage"},"thumbnailUrl":"https:\/\/planthemmet.se\/wp-content\/uploads\/bb-plugin\/cache\/IMG_9924-square.jpg","datePublished":"2022-05-23T15:33:50+00:00","dateModified":"2024-10-08T08:30:55+00:00","breadcrumb":{"@id":"https:\/\/planthemmet.se\/index.php\/attributions\/#breadcrumb"},"inLanguage":"sv-SE","potentialAction":[{"@type":"ReadAction","target":["https:\/\/planthemmet.se\/index.php\/attributions\/"]}]},{"@type":"ImageObject","inLanguage":"sv-SE","@id":"https:\/\/planthemmet.se\/index.php\/attributions\/#primaryimage","url":"https:\/\/planthemmet.se\/wp-content\/uploads\/bb-plugin\/cache\/IMG_9924-square.jpg","contentUrl":"https:\/\/planthemmet.se\/wp-content\/uploads\/bb-plugin\/cache\/IMG_9924-square.jpg"},{"@type":"BreadcrumbList","@id":"https:\/\/planthemmet.se\/index.php\/attributions\/#breadcrumb","itemListElement":[{"@type":"ListItem","position":1,"name":"Hem","item":"https:\/\/planthemmet.se\/"},{"@type":"ListItem","position":2,"name":"Attributions"}]},{"@type":"WebSite","@id":"https:\/\/planthemmet.se\/#website","url":"https:\/\/planthemmet.se\/","name":"Planthemmet","description":"Fannys gr\u00f6na h\u00f6rna","publisher":{"@id":"https:\/\/planthemmet.se\/#organization"},"potentialAction":[{"@type":"SearchAction","target":{"@type":"EntryPoint","urlTemplate":"https:\/\/planthemmet.se\/?s={search_term_string}"},"query-input":{"@type":"PropertyValueSpecification","valueRequired":true,"valueName":"search_term_string"}}],"inLanguage":"sv-SE"},{"@type":"Organization","@id":"https:\/\/planthemmet.se\/#organization","name":"Planthemmet","url":"https:\/\/planthemmet.se\/","logo":{"@type":"ImageObject","inLanguage":"sv-SE","@id":"https:\/\/planthemmet.se\/#\/schema\/logo\/image\/","url":"https:\/\/planthemmet.se\/wp-content\/uploads\/2022\/05\/Planthemmet-logo.png","contentUrl":"https:\/\/planthemmet.se\/wp-content\/uploads\/2022\/05\/Planthemmet-logo.png","width":200,"height":200,"caption":"Planthemmet"},"image":{"@id":"https:\/\/planthemmet.se\/#\/schema\/logo\/image\/"},"sameAs":["https:\/\/m.facebook.com\/Planthemmet","https:\/\/www.instagram.com\/planthemmet"]}]}},"jetpack_sharing_enabled":true,"_links":{"self":[{"href":"https:\/\/planthemmet.se\/index.php\/wp-json\/wp\/v2\/pages\/776","targetHints":{"allow":["GET"]}}],"collection":[{"href":"https:\/\/planthemmet.se\/index.php\/wp-json\/wp\/v2\/pages"}],"about":[{"href":"https:\/\/planthemmet.se\/index.php\/wp-json\/wp\/v2\/types\/page"}],"author":[{"embeddable":true,"href":"https:\/\/planthemmet.se\/index.php\/wp-json\/wp\/v2\/users\/2"}],"replies":[{"embeddable":true,"href":"https:\/\/planthemmet.se\/index.php\/wp-json\/wp\/v2\/comments?post=776"}],"version-history":[{"count":8,"href":"https:\/\/planthemmet.se\/index.php\/wp-json\/wp\/v2\/pages\/776\/revisions"}],"predecessor-version":[{"id":1857,"href":"https:\/\/planthemmet.se\/index.php\/wp-json\/wp\/v2\/pages\/776\/revisions\/1857"}],"wp:attachment":[{"href":"https:\/\/planthemmet.se\/index.php\/wp-json\/wp\/v2\/media?parent=776"}],"curies":[{"name":"wp","href":"https:\/\/api.w.org\/{rel}","templated":true}]}}